{"id":176,"date":"2022-06-24T05:25:54","date_gmt":"2022-06-24T05:25:54","guid":{"rendered":"https:\/\/www.fondazionecarmelitane.it\/?page_id=176"},"modified":"2023-10-06T09:28:10","modified_gmt":"2023-10-06T09:28:10","slug":"chi-siamo","status":"publish","type":"page","link":"https:\/\/www.fondazionecarmelitane.it\/?page_id=176","title":{"rendered":"chi siamo"},"content":{"rendered":"<div data-colibri-id=\"176-c1\" class=\"style-548 style-local-176-c1 position-relative\">\n  <!---->\n  <div data-colibri-component=\"section\" data-colibri-id=\"176-c6\" id=\"about\" class=\"h-section h-section-global-spacing d-flex align-items-lg-center align-items-md-center align-items-center style-553 style-local-176-c6 position-relative\">\n    <!---->\n    <!---->\n    <div class=\"h-section-grid-container h-section-boxed-container\">\n      <!---->\n      <div data-colibri-id=\"176-c7\" class=\"h-row-container gutters-row-lg-2 gutters-row-md-2 gutters-row-2 gutters-row-v-lg-2 gutters-row-v-md-2 gutters-row-v-2 style-554 style-local-176-c7 position-relative\">\n        <!---->\n        <div class=\"h-row justify-content-lg-center justify-content-md-center justify-content-center align-items-lg-stretch align-items-md-stretch align-items-stretch gutters-col-lg-2 gutters-col-md-2 gutters-col-2 gutters-col-v-lg-2 gutters-col-v-md-2 gutters-col-v-2\">\n          <!---->\n          <div class=\"h-column h-column-container d-flex h-col-lg-auto h-col-md-auto h-col-auto style-555-outer style-local-176-c8-outer\">\n            <div data-colibri-id=\"176-c8\" class=\"d-flex h-flex-basis h-column__inner h-px-lg-2 h-px-md-2 h-px-2 v-inner-lg-2 v-inner-md-2 v-inner-2 style-555 style-local-176-c8 position-relative\">\n              <!---->\n              <!---->\n              <div class=\"w-100 h-y-container h-column__content h-column__v-align flex-basis-100 align-self-lg-center align-self-md-center align-self-center\">\n                <!---->\n                <div data-colibri-id=\"176-c10\" class=\"h-global-transition-all h-heading style-557 style-local-176-c10 position-relative h-element\">\n                  <!---->\n                  <div class=\"h-heading__outer style-557 style-local-176-c10\">\n                    <!---->\n                    <!---->\n                    <h2 class=\"\">\u201cFONDAZIONE Missioni Suore Carmelitane\n                      <br>di S. Teresa di Torino\n                      <br>ONLUS\u201d<\/h2>\n                  <\/div>\n                <\/div>\n                <div data-colibri-id=\"176-c11\" class=\"h-text h-text-component style-558 style-local-176-c11 position-relative h-element\">\n                  <!---->\n                  <!---->\n                  <div class=\"\">\n                    <p><span style=\"font-weight: 400; font-size: 18.6667px; font-family: Amarante; color: rgb(0, 0, 0);\">La Fondazione ha sede in Torino (TO), corso Alberto Picco 104.<\/span><\/p>\n                  <\/div>\n                <\/div>\n              <\/div>\n            <\/div>\n          <\/div>\n          <div class=\"h-column h-column-container d-flex h-col-lg-auto h-col-md-auto h-col-auto style-561-outer style-local-176-c14-outer\">\n            <div data-colibri-id=\"176-c14\" class=\"d-flex h-flex-basis h-column__inner h-px-lg-2 h-px-md-2 h-px-2 v-inner-lg-2 v-inner-md-2 v-inner-2 style-561 style-local-176-c14 position-relative\">\n              <!---->\n              <!---->\n              <div class=\"w-100 h-y-container h-column__content h-column__v-align flex-basis-100 align-self-lg-center align-self-md-center align-self-center\">\n                <!---->\n                <div data-colibri-id=\"176-c15\" class=\"d-block style-562 style-local-176-c15 position-relative h-element\">\n                  <!---->\n                  <div class=\"h-image__frame-container-outer\">\n                    <div class=\"h-image__frame-container\">\n                      <!---->\n                      <!---->\n                      <img loading=\"lazy\" decoding=\"async\" width=\"1080\" height=\"1080\" src=\"http:\/\/www.fondazionecarmelitane.it\/wp-content\/uploads\/2023\/01\/ONLUS.png\" class=\"wp-image-1273 style-562-image style-local-176-c15-image\" alt=\"\" srcset=\"https:\/\/www.fondazionecarmelitane.it\/wp-content\/uploads\/2023\/01\/ONLUS.png 1080w, https:\/\/www.fondazionecarmelitane.it\/wp-content\/uploads\/2023\/01\/ONLUS-300x300.png 300w, https:\/\/www.fondazionecarmelitane.it\/wp-content\/uploads\/2023\/01\/ONLUS-1024x1024.png 1024w, https:\/\/www.fondazionecarmelitane.it\/wp-content\/uploads\/2023\/01\/ONLUS-150x150.png 150w, https:\/\/www.fondazionecarmelitane.it\/wp-content\/uploads\/2023\/01\/ONLUS-768x768.png 768w, https:\/\/www.fondazionecarmelitane.it\/wp-content\/uploads\/2023\/01\/ONLUS-320x320.png 320w, https:\/\/www.fondazionecarmelitane.it\/wp-content\/uploads\/2023\/01\/ONLUS-480x480.png 480w, https:\/\/www.fondazionecarmelitane.it\/wp-content\/uploads\/2023\/01\/ONLUS-800x800.png 800w\" sizes=\"auto, (max-width: 1080px) 100vw, 1080px\" \/>\n                      <div class=\"h-image__frame h-hide-sm style-562-frameImage style-local-176-c15-frameImage\"><\/div>\n                    <\/div>\n                  <\/div>\n                <\/div>\n              <\/div>\n            <\/div>\n          <\/div>\n        <\/div>\n      <\/div>\n      <div data-colibri-id=\"176-c19\" class=\"h-row-container gutters-row-lg-2 gutters-row-md-2 gutters-row-0 gutters-row-v-lg-2 gutters-row-v-md-2 gutters-row-v-2 style-566 style-local-176-c19 position-relative\">\n        <!---->\n        <div class=\"h-row justify-content-lg-center justify-content-md-center justify-content-center align-items-lg-stretch align-items-md-stretch align-items-stretch gutters-col-lg-2 gutters-col-md-2 gutters-col-0 gutters-col-v-lg-2 gutters-col-v-md-2 gutters-col-v-2\">\n          <!---->\n          <div class=\"h-column h-column-container d-flex h-col-lg-auto h-col-md-auto h-col-auto style-567-outer style-local-176-c20-outer\">\n            <div data-colibri-id=\"176-c20\" class=\"d-flex h-flex-basis h-column__inner h-px-lg-2 h-px-md-2 h-px-2 v-inner-lg-2 v-inner-md-2 v-inner-2 style-567 style-local-176-c20 position-relative\">\n              <!---->\n              <!---->\n              <div class=\"w-100 h-y-container h-column__content h-column__v-align flex-basis-100 align-self-lg-start align-self-md-start align-self-start\">\n                <!---->\n                <div data-colibri-id=\"176-c21\" class=\"h-text h-text-component style-568 style-local-176-c21 position-relative h-element\">\n                  <!---->\n                  <!---->\n                  <div class=\"\">\n                    <p><strong style=\"font-size: 18.6667px; font-family: Amarante; color: rgb(0, 0, 0);\">Scopo e attivit\u00e0 della Fondazione&nbsp;(cfr.&nbsp;&nbsp;<\/strong>\n                      <a href=\"https:\/\/www.fondazionecarmelitane.it\/wp-content\/uploads\/2022\/12\/STATUTO-onlus.pdf\"\n                        style=\"font-size: 1em; font-family: &quot;Open Sans&quot;; color: rgb(0, 0, 255); font-weight: 400;\"><strong>Statuto allegato qui<\/strong><\/a><strong style=\"font-size: 18.6667px; font-family: Amarante; color: rgb(0, 0, 0);\">)<\/strong><\/p>\n                  <\/div>\n                <\/div>\n              <\/div>\n            <\/div>\n          <\/div>\n        <\/div>\n      <\/div>\n      <div data-colibri-id=\"176-c16\" class=\"h-row-container gutters-row-lg-2 gutters-row-md-2 gutters-row-0 gutters-row-v-lg-2 gutters-row-v-md-2 gutters-row-v-2 style-563 style-local-176-c16 position-relative\">\n        <!---->\n        <div class=\"h-row justify-content-lg-center justify-content-md-center justify-content-center align-items-lg-stretch align-items-md-stretch align-items-stretch gutters-col-lg-2 gutters-col-md-2 gutters-col-0 gutters-col-v-lg-2 gutters-col-v-md-2 gutters-col-v-2\">\n          <!---->\n          <div class=\"h-column h-column-container d-flex h-col-lg-auto h-col-md-auto h-col-auto style-564-outer style-local-176-c17-outer\">\n            <div data-colibri-id=\"176-c17\" class=\"d-flex h-flex-basis h-column__inner h-px-lg-2 h-px-md-2 h-px-2 v-inner-lg-2 v-inner-md-2 v-inner-2 style-564 style-local-176-c17 position-relative\">\n              <!---->\n              <!---->\n              <div class=\"w-100 h-y-container h-column__content h-column__v-align flex-basis-100 align-self-lg-start align-self-md-start align-self-start\">\n                <!---->\n                <div data-colibri-id=\"176-c18\" class=\"h-text h-text-component style-565 style-local-176-c18 position-relative h-element\">\n                  <!---->\n                  <!---->\n                  <div class=\"\">\n                    <p><strong style=\"font-size: 16pt; color: rgb(128, 0, 0); font-family: Amarante;\">La Fondazione non ha fini di lucro e persegue esclusivamente finalit\u00e0 di solidariet\u00e0 sociale.<\/strong><\/p>\n                    <p><span style=\"font-size: 14pt; font-family: Amarante; color: rgb(0, 0, 0);\">La Fondazione intende svolgere le proprie attivit\u00e0 esclusivamente nei settori dell\u2019assistenza sociale e socio sanitaria e della beneficenza, oltre che in quelli dell\u2019istruzione, della formazione e dell\u2019assistenza sanitaria a beneficio di persone svantaggiate in ragione di condizioni economiche, sociali, familiari, fisiche o psichiche, ovvero a beneficio di componenti di collettivit\u00e0 estere limitatamente ad aiuti umanitari.<\/span><\/p>\n                    <p><span style=\"font-size: 16pt; font-family: Amarante; color: rgb(0, 128, 0);\">La Fondazione si propone di promuovere e realizzare progetti per il sostegno a distanza di bambini e giovani in condizioni economiche, sociali e familiari svantaggiate.<\/span><\/p>\n                    <p>\n                      <br>\n                    <\/p>\n                  <\/div>\n                <\/div>\n              <\/div>\n            <\/div>\n          <\/div>\n        <\/div>\n      <\/div>\n    <\/div>\n  <\/div>\n<\/div>","protected":false},"excerpt":{"rendered":"<p>\u201cFONDAZIONE Missioni Suore Carmelitane di S. Teresa di Torino ONLUS\u201d La Fondazione ha sede in Torino (TO), corso Alberto Picco 104. Scopo e attivit\u00e0 della Fondazione&nbsp;(cfr.&nbsp;&nbsp; Statuto allegato qui) La Fondazione non ha fini di lucro e persegue esclusivamente finalit\u00e0 di solidariet\u00e0 sociale. La Fondazione intende svolgere le proprie attivit\u00e0 esclusivamente nei settori dell\u2019assistenza sociale [&hellip;]<\/p>\n","protected":false},"author":1,"featured_media":0,"parent":0,"menu_order":0,"comment_status":"closed","ping_status":"closed","template":"page-templates\/full-width-page.php","meta":{"footnotes":""},"class_list":["post-176","page","type-page","status-publish","hentry"],"yoast_head":"<!-- This site is optimized with the Yoast SEO plugin v27.2 - https:\/\/yoast.com\/product\/yoast-seo-wordpress\/ -->\n<title>chi siamo -<\/title>\n<meta name=\"robots\" content=\"index, follow, max-snippet:-1, max-image-preview:large, max-video-preview:-1\" \/>\n<link rel=\"canonical\" href=\"https:\/\/www.fondazionecarmelitane.it\/?page_id=176\" \/>\n<meta property=\"og:locale\" content=\"it_IT\" \/>\n<meta property=\"og:type\" content=\"article\" \/>\n<meta property=\"og:title\" content=\"chi siamo -\" \/>\n<meta property=\"og:description\" content=\"\u201cFONDAZIONE Missioni Suore Carmelitane di S. Teresa di Torino ONLUS\u201d La Fondazione ha sede in Torino (TO), corso Alberto Picco 104. Scopo e attivit\u00e0 della Fondazione&nbsp;(cfr.&nbsp;&nbsp; Statuto allegato qui) La Fondazione non ha fini di lucro e persegue esclusivamente finalit\u00e0 di solidariet\u00e0 sociale. La Fondazione intende svolgere le proprie attivit\u00e0 esclusivamente nei settori dell\u2019assistenza sociale [&hellip;]\" \/>\n<meta property=\"og:url\" content=\"https:\/\/www.fondazionecarmelitane.it\/?page_id=176\" \/>\n<meta property=\"article:publisher\" content=\"https:\/\/www.facebook.com\/profile.php?id=100066398982492\" \/>\n<meta property=\"article:modified_time\" content=\"2023-10-06T09:28:10+00:00\" \/>\n<meta property=\"og:image\" content=\"http:\/\/www.fondazionecarmelitane.it\/wp-content\/uploads\/2023\/01\/ONLUS.png\" \/>\n<meta name=\"twitter:card\" content=\"summary_large_image\" \/>\n<meta name=\"twitter:label1\" content=\"Tempo di lettura stimato\" \/>\n\t<meta name=\"twitter:data1\" content=\"1 minuto\" \/>\n<script type=\"application\/ld+json\" class=\"yoast-schema-graph\">{\"@context\":\"https:\/\/schema.org\",\"@graph\":[{\"@type\":\"WebPage\",\"@id\":\"https:\/\/www.fondazionecarmelitane.it\/?page_id=176\",\"url\":\"https:\/\/www.fondazionecarmelitane.it\/?page_id=176\",\"name\":\"chi siamo -\",\"isPartOf\":{\"@id\":\"https:\/\/www.fondazionecarmelitane.it\/#website\"},\"primaryImageOfPage\":{\"@id\":\"https:\/\/www.fondazionecarmelitane.it\/?page_id=176#primaryimage\"},\"image\":{\"@id\":\"https:\/\/www.fondazionecarmelitane.it\/?page_id=176#primaryimage\"},\"thumbnailUrl\":\"http:\/\/www.fondazionecarmelitane.it\/wp-content\/uploads\/2023\/01\/ONLUS.png\",\"datePublished\":\"2022-06-24T05:25:54+00:00\",\"dateModified\":\"2023-10-06T09:28:10+00:00\",\"breadcrumb\":{\"@id\":\"https:\/\/www.fondazionecarmelitane.it\/?page_id=176#breadcrumb\"},\"inLanguage\":\"it-IT\",\"potentialAction\":[{\"@type\":\"ReadAction\",\"target\":[\"https:\/\/www.fondazionecarmelitane.it\/?page_id=176\"]}]},{\"@type\":\"ImageObject\",\"inLanguage\":\"it-IT\",\"@id\":\"https:\/\/www.fondazionecarmelitane.it\/?page_id=176#primaryimage\",\"url\":\"https:\/\/www.fondazionecarmelitane.it\/wp-content\/uploads\/2023\/01\/ONLUS.png\",\"contentUrl\":\"https:\/\/www.fondazionecarmelitane.it\/wp-content\/uploads\/2023\/01\/ONLUS.png\",\"width\":1080,\"height\":1080},{\"@type\":\"BreadcrumbList\",\"@id\":\"https:\/\/www.fondazionecarmelitane.it\/?page_id=176#breadcrumb\",\"itemListElement\":[{\"@type\":\"ListItem\",\"position\":1,\"name\":\"Home\",\"item\":\"https:\/\/www.fondazionecarmelitane.it\/\"},{\"@type\":\"ListItem\",\"position\":2,\"name\":\"chi siamo\"}]},{\"@type\":\"WebSite\",\"@id\":\"https:\/\/www.fondazionecarmelitane.it\/#website\",\"url\":\"https:\/\/www.fondazionecarmelitane.it\/\",\"name\":\"Fondazione Missioni onlus\",\"description\":\"\",\"publisher\":{\"@id\":\"https:\/\/www.fondazionecarmelitane.it\/#organization\"},\"potentialAction\":[{\"@type\":\"SearchAction\",\"target\":{\"@type\":\"EntryPoint\",\"urlTemplate\":\"https:\/\/www.fondazionecarmelitane.it\/?s={search_term_string}\"},\"query-input\":{\"@type\":\"PropertyValueSpecification\",\"valueRequired\":true,\"valueName\":\"search_term_string\"}}],\"inLanguage\":\"it-IT\"},{\"@type\":\"Organization\",\"@id\":\"https:\/\/www.fondazionecarmelitane.it\/#organization\",\"name\":\"Carmelitane di S. Teresa di Torino organizzazione religiosa\",\"url\":\"https:\/\/www.fondazionecarmelitane.it\/\",\"logo\":{\"@type\":\"ImageObject\",\"inLanguage\":\"it-IT\",\"@id\":\"https:\/\/www.fondazionecarmelitane.it\/#\/schema\/logo\/image\/\",\"url\":\"https:\/\/www.fondazionecarmelitane.it\/wp-content\/uploads\/2022\/06\/cropped-FB_IMG_1635600635774.jpg\",\"contentUrl\":\"https:\/\/www.fondazionecarmelitane.it\/wp-content\/uploads\/2022\/06\/cropped-FB_IMG_1635600635774.jpg\",\"width\":103,\"height\":103,\"caption\":\"Carmelitane di S. Teresa di Torino organizzazione religiosa\"},\"image\":{\"@id\":\"https:\/\/www.fondazionecarmelitane.it\/#\/schema\/logo\/image\/\"},\"sameAs\":[\"https:\/\/www.facebook.com\/profile.php?id=100066398982492\",\"https:\/\/www.instagram.com\/missioni.carmelitane.di.torino\/\"]}]}<\/script>\n<!-- \/ Yoast SEO plugin. -->","yoast_head_json":{"title":"chi siamo -","robots":{"index":"index","follow":"follow","max-snippet":"max-snippet:-1","max-image-preview":"max-image-preview:large","max-video-preview":"max-video-preview:-1"},"canonical":"https:\/\/www.fondazionecarmelitane.it\/?page_id=176","og_locale":"it_IT","og_type":"article","og_title":"chi siamo -","og_description":"\u201cFONDAZIONE Missioni Suore Carmelitane di S. Teresa di Torino ONLUS\u201d La Fondazione ha sede in Torino (TO), corso Alberto Picco 104. Scopo e attivit\u00e0 della Fondazione&nbsp;(cfr.&nbsp;&nbsp; Statuto allegato qui) La Fondazione non ha fini di lucro e persegue esclusivamente finalit\u00e0 di solidariet\u00e0 sociale. La Fondazione intende svolgere le proprie attivit\u00e0 esclusivamente nei settori dell\u2019assistenza sociale [&hellip;]","og_url":"https:\/\/www.fondazionecarmelitane.it\/?page_id=176","article_publisher":"https:\/\/www.facebook.com\/profile.php?id=100066398982492","article_modified_time":"2023-10-06T09:28:10+00:00","og_image":[{"url":"http:\/\/www.fondazionecarmelitane.it\/wp-content\/uploads\/2023\/01\/ONLUS.png","type":"","width":"","height":""}],"twitter_card":"summary_large_image","twitter_misc":{"Tempo di lettura stimato":"1 minuto"},"schema":{"@context":"https:\/\/schema.org","@graph":[{"@type":"WebPage","@id":"https:\/\/www.fondazionecarmelitane.it\/?page_id=176","url":"https:\/\/www.fondazionecarmelitane.it\/?page_id=176","name":"chi siamo -","isPartOf":{"@id":"https:\/\/www.fondazionecarmelitane.it\/#website"},"primaryImageOfPage":{"@id":"https:\/\/www.fondazionecarmelitane.it\/?page_id=176#primaryimage"},"image":{"@id":"https:\/\/www.fondazionecarmelitane.it\/?page_id=176#primaryimage"},"thumbnailUrl":"http:\/\/www.fondazionecarmelitane.it\/wp-content\/uploads\/2023\/01\/ONLUS.png","datePublished":"2022-06-24T05:25:54+00:00","dateModified":"2023-10-06T09:28:10+00:00","breadcrumb":{"@id":"https:\/\/www.fondazionecarmelitane.it\/?page_id=176#breadcrumb"},"inLanguage":"it-IT","potentialAction":[{"@type":"ReadAction","target":["https:\/\/www.fondazionecarmelitane.it\/?page_id=176"]}]},{"@type":"ImageObject","inLanguage":"it-IT","@id":"https:\/\/www.fondazionecarmelitane.it\/?page_id=176#primaryimage","url":"https:\/\/www.fondazionecarmelitane.it\/wp-content\/uploads\/2023\/01\/ONLUS.png","contentUrl":"https:\/\/www.fondazionecarmelitane.it\/wp-content\/uploads\/2023\/01\/ONLUS.png","width":1080,"height":1080},{"@type":"BreadcrumbList","@id":"https:\/\/www.fondazionecarmelitane.it\/?page_id=176#breadcrumb","itemListElement":[{"@type":"ListItem","position":1,"name":"Home","item":"https:\/\/www.fondazionecarmelitane.it\/"},{"@type":"ListItem","position":2,"name":"chi siamo"}]},{"@type":"WebSite","@id":"https:\/\/www.fondazionecarmelitane.it\/#website","url":"https:\/\/www.fondazionecarmelitane.it\/","name":"Fondazione Missioni onlus","description":"","publisher":{"@id":"https:\/\/www.fondazionecarmelitane.it\/#organization"},"potentialAction":[{"@type":"SearchAction","target":{"@type":"EntryPoint","urlTemplate":"https:\/\/www.fondazionecarmelitane.it\/?s={search_term_string}"},"query-input":{"@type":"PropertyValueSpecification","valueRequired":true,"valueName":"search_term_string"}}],"inLanguage":"it-IT"},{"@type":"Organization","@id":"https:\/\/www.fondazionecarmelitane.it\/#organization","name":"Carmelitane di S. Teresa di Torino organizzazione religiosa","url":"https:\/\/www.fondazionecarmelitane.it\/","logo":{"@type":"ImageObject","inLanguage":"it-IT","@id":"https:\/\/www.fondazionecarmelitane.it\/#\/schema\/logo\/image\/","url":"https:\/\/www.fondazionecarmelitane.it\/wp-content\/uploads\/2022\/06\/cropped-FB_IMG_1635600635774.jpg","contentUrl":"https:\/\/www.fondazionecarmelitane.it\/wp-content\/uploads\/2022\/06\/cropped-FB_IMG_1635600635774.jpg","width":103,"height":103,"caption":"Carmelitane di S. Teresa di Torino organizzazione religiosa"},"image":{"@id":"https:\/\/www.fondazionecarmelitane.it\/#\/schema\/logo\/image\/"},"sameAs":["https:\/\/www.facebook.com\/profile.php?id=100066398982492","https:\/\/www.instagram.com\/missioni.carmelitane.di.torino\/"]}]}},"_links":{"self":[{"href":"https:\/\/www.fondazionecarmelitane.it\/index.php?rest_route=\/wp\/v2\/pages\/176","targetHints":{"allow":["GET"]}}],"collection":[{"href":"https:\/\/www.fondazionecarmelitane.it\/index.php?rest_route=\/wp\/v2\/pages"}],"about":[{"href":"https:\/\/www.fondazionecarmelitane.it\/index.php?rest_route=\/wp\/v2\/types\/page"}],"author":[{"embeddable":true,"href":"https:\/\/www.fondazionecarmelitane.it\/index.php?rest_route=\/wp\/v2\/users\/1"}],"replies":[{"embeddable":true,"href":"https:\/\/www.fondazionecarmelitane.it\/index.php?rest_route=%2Fwp%2Fv2%2Fcomments&post=176"}],"version-history":[{"count":8,"href":"https:\/\/www.fondazionecarmelitane.it\/index.php?rest_route=\/wp\/v2\/pages\/176\/revisions"}],"predecessor-version":[{"id":1855,"href":"https:\/\/www.fondazionecarmelitane.it\/index.php?rest_route=\/wp\/v2\/pages\/176\/revisions\/1855"}],"wp:attachment":[{"href":"https:\/\/www.fondazionecarmelitane.it\/index.php?rest_route=%2Fwp%2Fv2%2Fmedia&parent=176"}],"curies":[{"name":"wp","href":"https:\/\/api.w.org\/{rel}","templated":true}]}}