{"id":155,"date":"2022-06-23T20:53:40","date_gmt":"2022-06-23T20:53:40","guid":{"rendered":"https:\/\/www.fondazionecarmelitane.it\/?page_id=155"},"modified":"2022-08-21T13:32:56","modified_gmt":"2022-08-21T13:32:56","slug":"befelatanana","status":"publish","type":"page","link":"https:\/\/www.fondazionecarmelitane.it\/?page_id=155","title":{"rendered":"Befelatanana"},"content":{"rendered":"<!--vcv no format--><!-- vcwb\/dynamicElementComment:5a5086dc --><div class=\"vce-row-container\" data-vce-boxed-width=\"true\"><div class=\"vce-row vce-row--col-gap-30 vce-row-equal-height vce-row-content--top\" id=\"el-5a5086dc\" data-vce-do-apply=\"all el-5a5086dc\"><div class=\"vce-row-content\" data-vce-element-content=\"true\"><!-- vcwb\/dynamicElementComment:84e18b0d --><div class=\"vce-col vce-col--md-auto vce-col--xs-1 vce-col--xs-last vce-col--xs-first vce-col--sm-last vce-col--sm-first vce-col--md-last vce-col--lg-last vce-col--xl-last vce-col--md-first vce-col--lg-first vce-col--xl-first\" id=\"el-84e18b0d\"><div class=\"vce-col-inner\" data-vce-do-apply=\"border margin background  el-84e18b0d\"><div class=\"vce-col-content\" data-vce-element-content=\"true\" data-vce-do-apply=\"padding el-84e18b0d\"><!-- vcwb\/dynamicElementComment:0dc0528f --><div class=\"vce-text-block\"><div class=\"vce-text-block-wrapper vce\" id=\"el-0dc0528f\" data-vce-do-apply=\"all el-0dc0528f\"><p><span style=\"color: #000000;\"><\/span><\/p>\n<blockquote>\n<p style=\"text-align: center;\"><span style=\"color: #000000; font-size: 18pt;\"><strong>Casa \u201cNotre Dame du Carmel \u201c<\/strong><\/span><\/p>\n<span style=\"color: #000000;\"><\/span>\n<p style=\"text-align: center;\"><span style=\"color: #000000; font-size: 16pt;\">H\u00f4pital G\u00e9n\u00e9ral<\/span><\/p>\n<span style=\"color: #000000; font-size: 16pt;\"><\/span>\n<p style=\"text-align: center;\"><span style=\"color: #000000; font-size: 14pt;\">101 BEFELATANANA-TANANARIVE<\/span><\/p>\n<span style=\"color: #000000; font-size: 14pt;\"><\/span>\n<p style=\"text-align: center;\"><span style=\"color: #000000; font-size: 14pt;\">email:&nbsp;<span style=\"color: #0000ff;\">erbefederica20@gmail.com<\/span><\/span><\/p>\n<\/blockquote>\n<p>&nbsp;<\/p>\n<p style=\"text-align: center;\"><span style=\"color: #000000; font-family: georgia, palatino, serif; font-size: 14pt;\">&nbsp;<strong>Befelatanana &#8211; Tananarive (Antananarivo)<\/strong><\/span><\/p>\n<p style=\"text-align: center;\"><span style=\"color: #000000; font-family: georgia, palatino, serif; font-size: 14pt;\">Fondata il 01 ottobre 1962<\/span><\/p>\n<p><span style=\"color: #000000; font-family: georgia, palatino, serif;\"><strong>Attivit\u00e0:<\/strong><\/span><\/p>\n<ul>\n<li><span style=\"color: #000000; font-family: georgia, palatino, serif;\">Attivit\u00e0 infermieristica nell\u2019Ospedale civile (4 Suore)<\/span><\/li>\n<li><span style=\"color: #000000; font-family: georgia, palatino, serif;\">Pastorale del malato<\/span><\/li>\n<li><span style=\"color: #000000; font-family: georgia, palatino, serif;\">Cura delle nostre suore ammalate<\/span><\/li>\n<li><span style=\"color: #000000; font-family: georgia, palatino, serif;\">Animazione liturgica nella chiesa dell\u2019ospedale<\/span><\/li>\n<li><span style=\"color: #000000; font-family: georgia, palatino, serif;\">A Tokovato: promozione professionale femminile e della famiglia<\/span><\/li>\n<\/ul>\n<p><span style=\"color: #000000;\"><\/span><\/p><\/div><\/div><!-- \/vcwb\/dynamicElementComment:0dc0528f --><\/div><\/div><\/div><!-- \/vcwb\/dynamicElementComment:84e18b0d --><\/div><\/div><\/div><!-- \/vcwb\/dynamicElementComment:5a5086dc --><!-- vcwb\/dynamicElementComment:a88f8494 --><div class=\"vce-row-container\" data-vce-boxed-width=\"true\"><div class=\"vce-row vce-row--col-gap-30 vce-row-equal-height vce-row-content--top\" id=\"el-a88f8494\" data-vce-do-apply=\"all el-a88f8494\"><div class=\"vce-row-content\" data-vce-element-content=\"true\"><!-- vcwb\/dynamicElementComment:92a2da85 --><div class=\"vce-col vce-col--md-auto vce-col--xs-1 vce-col--xs-last vce-col--xs-first vce-col--sm-last vce-col--sm-first vce-col--md-last vce-col--lg-last vce-col--xl-last vce-col--md-first vce-col--lg-first vce-col--xl-first\" id=\"el-92a2da85\"><div class=\"vce-col-inner\" data-vce-do-apply=\"border margin background  el-92a2da85\"><div class=\"vce-col-content\" data-vce-element-content=\"true\" data-vce-do-apply=\"padding el-92a2da85\"><!-- vcwb\/dynamicElementComment:57baec43 --><div class=\"vce-simple-image-slider\" style=\"--pointerColor:#fff; --pointerColorHover:#fd9a00; --backgroundPosition:center center;\"><div class=\"vce-simple-image-slider-wrapper vce vce-simple-image-slider-shape--rounded\" id=\"el-57baec43\" data-vce-do-apply=\"all el-57baec43\"><div class=\"vce-simple-image-slider-helper vce-simple-image-slider-aspect-ratio--16-9\"><div class=\"vce-simple-image-slider-list\" data-slick-autoplay=\"on\" data-slick-autoplay-delay=\"5000\" data-slick-effect=\"slideIn\" data-slick-dots=\"on\" data-slick-arrows=\"off\"><div class=\"slick-list\"><div class=\"slick-track\"><div class=\"vce-simple-image-slider-item vc-slick-item\"><div style=\"background-image:url(|!|vcvUploadUrl|!|\/2022\/08\/26_27-giugno-08-146-scaled.jpg)\" class=\"vce-simple-image-slider-img vce-simple-image-slider-img--scale\"><img decoding=\"async\" class=\"\" src=\"|!|vcvUploadUrl|!|\/2022\/08\/26_27-giugno-08-146-scaled.jpg\" style=\"opacity:0\" alt=\"\"><\/div><\/div><div class=\"vce-simple-image-slider-item vc-slick-item\"><div style=\"background-image:url(|!|vcvUploadUrl|!|\/2022\/08\/26_27-giugno-08-148-scaled.jpg)\" class=\"vce-simple-image-slider-img vce-simple-image-slider-img--scale\"><img decoding=\"async\" class=\"\" src=\"|!|vcvUploadUrl|!|\/2022\/08\/26_27-giugno-08-148-scaled.jpg\" style=\"opacity:0\" alt=\"\"><\/div><\/div><div class=\"vce-simple-image-slider-item vc-slick-item\"><div style=\"background-image:url(|!|vcvUploadUrl|!|\/2022\/08\/26_27-giugno-08-152-scaled.jpg)\" class=\"vce-simple-image-slider-img vce-simple-image-slider-img--scale\"><img decoding=\"async\" class=\"\" src=\"|!|vcvUploadUrl|!|\/2022\/08\/26_27-giugno-08-152-scaled.jpg\" style=\"opacity:0\" alt=\"\"><\/div><\/div><div class=\"vce-simple-image-slider-item vc-slick-item\"><div style=\"background-image:url(|!|vcvUploadUrl|!|\/2022\/08\/26_27-giugno-08-156-scaled.jpg)\" class=\"vce-simple-image-slider-img vce-simple-image-slider-img--scale\"><img decoding=\"async\" class=\"\" src=\"|!|vcvUploadUrl|!|\/2022\/08\/26_27-giugno-08-156-scaled.jpg\" style=\"opacity:0\" alt=\"\"><\/div><\/div><div class=\"vce-simple-image-slider-item vc-slick-item\"><div style=\"background-image:url(|!|vcvUploadUrl|!|\/2022\/08\/26_27-giugno-08-177-scaled.jpg)\" class=\"vce-simple-image-slider-img vce-simple-image-slider-img--scale\"><img decoding=\"async\" class=\"\" src=\"|!|vcvUploadUrl|!|\/2022\/08\/26_27-giugno-08-177-scaled.jpg\" style=\"opacity:0\" alt=\"\"><\/div><\/div><div class=\"vce-simple-image-slider-item vc-slick-item\"><div style=\"background-image:url(|!|vcvUploadUrl|!|\/2022\/08\/26_27-giugno-08-200-scaled.jpg)\" class=\"vce-simple-image-slider-img vce-simple-image-slider-img--scale\"><img decoding=\"async\" class=\"\" src=\"|!|vcvUploadUrl|!|\/2022\/08\/26_27-giugno-08-200-scaled.jpg\" style=\"opacity:0\" alt=\"\"><\/div><\/div><\/div><\/div><\/div><div class=\"vce-simple-image-slider-dots\"><\/div><\/div><\/div><\/div><!-- \/vcwb\/dynamicElementComment:57baec43 --><\/div><\/div><\/div><!-- \/vcwb\/dynamicElementComment:92a2da85 --><\/div><\/div><\/div><!-- \/vcwb\/dynamicElementComment:a88f8494 --><!--vcv no format-->","protected":false},"excerpt":{"rendered":"<p>Casa \u201cNotre Dame du Carmel \u201c H\u00f4pital G\u00e9n\u00e9ral 101 BEFELATANANA-TANANARIVE email:&nbsp;erbefederica20@gmail.com &nbsp; &nbsp;Befelatanana &#8211; Tananarive (Antananarivo) Fondata il 01 ottobre 1962 Attivit\u00e0: Attivit\u00e0 infermieristica nell\u2019Ospedale civile (4 Suore) Pastorale del malato Cura delle nostre suore ammalate Animazione liturgica nella chiesa dell\u2019ospedale A Tokovato: promozione professionale femminile e della famiglia<\/p>\n","protected":false},"author":1,"featured_media":0,"parent":0,"menu_order":0,"comment_status":"closed","ping_status":"closed","template":"","meta":{"footnotes":""},"class_list":["post-155","page","type-page","status-publish","hentry"],"yoast_head":"<!-- This site is optimized with the Yoast SEO plugin v27.2 - https:\/\/yoast.com\/product\/yoast-seo-wordpress\/ -->\n<title>Befelatanana -<\/title>\n<meta name=\"robots\" content=\"index, follow, max-snippet:-1, max-image-preview:large, max-video-preview:-1\" \/>\n<link rel=\"canonical\" href=\"https:\/\/www.fondazionecarmelitane.it\/?page_id=155\" \/>\n<meta property=\"og:locale\" content=\"it_IT\" \/>\n<meta property=\"og:type\" content=\"article\" \/>\n<meta property=\"og:title\" content=\"Befelatanana -\" \/>\n<meta property=\"og:description\" content=\"Casa \u201cNotre Dame du Carmel \u201c H\u00f4pital G\u00e9n\u00e9ral 101 BEFELATANANA-TANANARIVE email:&nbsp;erbefederica20@gmail.com &nbsp; &nbsp;Befelatanana &#8211; Tananarive (Antananarivo) Fondata il 01 ottobre 1962 Attivit\u00e0: Attivit\u00e0 infermieristica nell\u2019Ospedale civile (4 Suore) Pastorale del malato Cura delle nostre suore ammalate Animazione liturgica nella chiesa dell\u2019ospedale A Tokovato: promozione professionale femminile e della famiglia\" \/>\n<meta property=\"og:url\" content=\"https:\/\/www.fondazionecarmelitane.it\/?page_id=155\" \/>\n<meta property=\"article:publisher\" content=\"https:\/\/www.facebook.com\/profile.php?id=100066398982492\" \/>\n<meta property=\"article:modified_time\" content=\"2022-08-21T13:32:56+00:00\" \/>\n<meta name=\"twitter:card\" content=\"summary_large_image\" \/>\n<script type=\"application\/ld+json\" class=\"yoast-schema-graph\">{\"@context\":\"https:\/\/schema.org\",\"@graph\":[{\"@type\":\"WebPage\",\"@id\":\"https:\/\/www.fondazionecarmelitane.it\/?page_id=155\",\"url\":\"https:\/\/www.fondazionecarmelitane.it\/?page_id=155\",\"name\":\"Befelatanana -\",\"isPartOf\":{\"@id\":\"https:\/\/www.fondazionecarmelitane.it\/#website\"},\"datePublished\":\"2022-06-23T20:53:40+00:00\",\"dateModified\":\"2022-08-21T13:32:56+00:00\",\"breadcrumb\":{\"@id\":\"https:\/\/www.fondazionecarmelitane.it\/?page_id=155#breadcrumb\"},\"inLanguage\":\"it-IT\",\"potentialAction\":[{\"@type\":\"ReadAction\",\"target\":[\"https:\/\/www.fondazionecarmelitane.it\/?page_id=155\"]}]},{\"@type\":\"BreadcrumbList\",\"@id\":\"https:\/\/www.fondazionecarmelitane.it\/?page_id=155#breadcrumb\",\"itemListElement\":[{\"@type\":\"ListItem\",\"position\":1,\"name\":\"Home\",\"item\":\"https:\/\/www.fondazionecarmelitane.it\/\"},{\"@type\":\"ListItem\",\"position\":2,\"name\":\"Befelatanana\"}]},{\"@type\":\"WebSite\",\"@id\":\"https:\/\/www.fondazionecarmelitane.it\/#website\",\"url\":\"https:\/\/www.fondazionecarmelitane.it\/\",\"name\":\"Fondazione Missioni onlus\",\"description\":\"\",\"publisher\":{\"@id\":\"https:\/\/www.fondazionecarmelitane.it\/#organization\"},\"potentialAction\":[{\"@type\":\"SearchAction\",\"target\":{\"@type\":\"EntryPoint\",\"urlTemplate\":\"https:\/\/www.fondazionecarmelitane.it\/?s={search_term_string}\"},\"query-input\":{\"@type\":\"PropertyValueSpecification\",\"valueRequired\":true,\"valueName\":\"search_term_string\"}}],\"inLanguage\":\"it-IT\"},{\"@type\":\"Organization\",\"@id\":\"https:\/\/www.fondazionecarmelitane.it\/#organization\",\"name\":\"Carmelitane di S. Teresa di Torino organizzazione religiosa\",\"url\":\"https:\/\/www.fondazionecarmelitane.it\/\",\"logo\":{\"@type\":\"ImageObject\",\"inLanguage\":\"it-IT\",\"@id\":\"https:\/\/www.fondazionecarmelitane.it\/#\/schema\/logo\/image\/\",\"url\":\"https:\/\/www.fondazionecarmelitane.it\/wp-content\/uploads\/2022\/06\/cropped-FB_IMG_1635600635774.jpg\",\"contentUrl\":\"https:\/\/www.fondazionecarmelitane.it\/wp-content\/uploads\/2022\/06\/cropped-FB_IMG_1635600635774.jpg\",\"width\":103,\"height\":103,\"caption\":\"Carmelitane di S. Teresa di Torino organizzazione religiosa\"},\"image\":{\"@id\":\"https:\/\/www.fondazionecarmelitane.it\/#\/schema\/logo\/image\/\"},\"sameAs\":[\"https:\/\/www.facebook.com\/profile.php?id=100066398982492\",\"https:\/\/www.instagram.com\/missioni.carmelitane.di.torino\/\"]}]}<\/script>\n<!-- \/ Yoast SEO plugin. -->","yoast_head_json":{"title":"Befelatanana -","robots":{"index":"index","follow":"follow","max-snippet":"max-snippet:-1","max-image-preview":"max-image-preview:large","max-video-preview":"max-video-preview:-1"},"canonical":"https:\/\/www.fondazionecarmelitane.it\/?page_id=155","og_locale":"it_IT","og_type":"article","og_title":"Befelatanana -","og_description":"Casa \u201cNotre Dame du Carmel \u201c H\u00f4pital G\u00e9n\u00e9ral 101 BEFELATANANA-TANANARIVE email:&nbsp;erbefederica20@gmail.com &nbsp; &nbsp;Befelatanana &#8211; Tananarive (Antananarivo) Fondata il 01 ottobre 1962 Attivit\u00e0: Attivit\u00e0 infermieristica nell\u2019Ospedale civile (4 Suore) Pastorale del malato Cura delle nostre suore ammalate Animazione liturgica nella chiesa dell\u2019ospedale A Tokovato: promozione professionale femminile e della famiglia","og_url":"https:\/\/www.fondazionecarmelitane.it\/?page_id=155","article_publisher":"https:\/\/www.facebook.com\/profile.php?id=100066398982492","article_modified_time":"2022-08-21T13:32:56+00:00","twitter_card":"summary_large_image","schema":{"@context":"https:\/\/schema.org","@graph":[{"@type":"WebPage","@id":"https:\/\/www.fondazionecarmelitane.it\/?page_id=155","url":"https:\/\/www.fondazionecarmelitane.it\/?page_id=155","name":"Befelatanana -","isPartOf":{"@id":"https:\/\/www.fondazionecarmelitane.it\/#website"},"datePublished":"2022-06-23T20:53:40+00:00","dateModified":"2022-08-21T13:32:56+00:00","breadcrumb":{"@id":"https:\/\/www.fondazionecarmelitane.it\/?page_id=155#breadcrumb"},"inLanguage":"it-IT","potentialAction":[{"@type":"ReadAction","target":["https:\/\/www.fondazionecarmelitane.it\/?page_id=155"]}]},{"@type":"BreadcrumbList","@id":"https:\/\/www.fondazionecarmelitane.it\/?page_id=155#breadcrumb","itemListElement":[{"@type":"ListItem","position":1,"name":"Home","item":"https:\/\/www.fondazionecarmelitane.it\/"},{"@type":"ListItem","position":2,"name":"Befelatanana"}]},{"@type":"WebSite","@id":"https:\/\/www.fondazionecarmelitane.it\/#website","url":"https:\/\/www.fondazionecarmelitane.it\/","name":"Fondazione Missioni onlus","description":"","publisher":{"@id":"https:\/\/www.fondazionecarmelitane.it\/#organization"},"potentialAction":[{"@type":"SearchAction","target":{"@type":"EntryPoint","urlTemplate":"https:\/\/www.fondazionecarmelitane.it\/?s={search_term_string}"},"query-input":{"@type":"PropertyValueSpecification","valueRequired":true,"valueName":"search_term_string"}}],"inLanguage":"it-IT"},{"@type":"Organization","@id":"https:\/\/www.fondazionecarmelitane.it\/#organization","name":"Carmelitane di S. Teresa di Torino organizzazione religiosa","url":"https:\/\/www.fondazionecarmelitane.it\/","logo":{"@type":"ImageObject","inLanguage":"it-IT","@id":"https:\/\/www.fondazionecarmelitane.it\/#\/schema\/logo\/image\/","url":"https:\/\/www.fondazionecarmelitane.it\/wp-content\/uploads\/2022\/06\/cropped-FB_IMG_1635600635774.jpg","contentUrl":"https:\/\/www.fondazionecarmelitane.it\/wp-content\/uploads\/2022\/06\/cropped-FB_IMG_1635600635774.jpg","width":103,"height":103,"caption":"Carmelitane di S. Teresa di Torino organizzazione religiosa"},"image":{"@id":"https:\/\/www.fondazionecarmelitane.it\/#\/schema\/logo\/image\/"},"sameAs":["https:\/\/www.facebook.com\/profile.php?id=100066398982492","https:\/\/www.instagram.com\/missioni.carmelitane.di.torino\/"]}]}},"_links":{"self":[{"href":"https:\/\/www.fondazionecarmelitane.it\/index.php?rest_route=\/wp\/v2\/pages\/155","targetHints":{"allow":["GET"]}}],"collection":[{"href":"https:\/\/www.fondazionecarmelitane.it\/index.php?rest_route=\/wp\/v2\/pages"}],"about":[{"href":"https:\/\/www.fondazionecarmelitane.it\/index.php?rest_route=\/wp\/v2\/types\/page"}],"author":[{"embeddable":true,"href":"https:\/\/www.fondazionecarmelitane.it\/index.php?rest_route=\/wp\/v2\/users\/1"}],"replies":[{"embeddable":true,"href":"https:\/\/www.fondazionecarmelitane.it\/index.php?rest_route=%2Fwp%2Fv2%2Fcomments&post=155"}],"version-history":[{"count":5,"href":"https:\/\/www.fondazionecarmelitane.it\/index.php?rest_route=\/wp\/v2\/pages\/155\/revisions"}],"predecessor-version":[{"id":563,"href":"https:\/\/www.fondazionecarmelitane.it\/index.php?rest_route=\/wp\/v2\/pages\/155\/revisions\/563"}],"wp:attachment":[{"href":"https:\/\/www.fondazionecarmelitane.it\/index.php?rest_route=%2Fwp%2Fv2%2Fmedia&parent=155"}],"curies":[{"name":"wp","href":"https:\/\/api.w.org\/{rel}","templated":true}]}}