{"id":133,"date":"2022-06-23T20:35:36","date_gmt":"2022-06-23T20:35:36","guid":{"rendered":"https:\/\/www.fondazionecarmelitane.it\/?page_id=133"},"modified":"2023-04-23T08:38:48","modified_gmt":"2023-04-23T08:38:48","slug":"romania","status":"publish","type":"page","link":"https:\/\/www.fondazionecarmelitane.it\/?page_id=133","title":{"rendered":"Romania"},"content":{"rendered":"<!--vcv no format--><!-- vcwb\/dynamicElementComment:27e6628f --><div class=\"vce-row-container\" data-vce-boxed-width=\"true\"><div class=\"vce-row vce-row--col-gap-30 vce-row-equal-height vce-row-content--top\" id=\"el-27e6628f\" data-vce-do-apply=\"all el-27e6628f\"><div class=\"vce-row-content\" data-vce-element-content=\"true\"><!-- vcwb\/dynamicElementComment:88f7a36f --><div class=\"vce-col vce-col--md-auto vce-col--xs-1 vce-col--xs-last vce-col--xs-first vce-col--sm-last vce-col--sm-first vce-col--md-last vce-col--lg-last vce-col--xl-last vce-col--md-first vce-col--lg-first vce-col--xl-first\" id=\"el-88f7a36f\"><div class=\"vce-col-inner\" data-vce-do-apply=\"border margin background  el-88f7a36f\"><div class=\"vce-col-content\" data-vce-element-content=\"true\" data-vce-do-apply=\"padding el-88f7a36f\"><!-- vcwb\/dynamicElementComment:64f1e467 --><div class=\"vce-text-block\"><div class=\"vce-text-block-wrapper vce\" id=\"el-64f1e467\" data-vce-do-apply=\"all el-64f1e467\"><p><span style=\"color: #000000;\"><\/span><\/p>\n<blockquote>\n<p style=\"text-align: center;\"><span style=\"color: #000000; font-size: 18pt;\"><strong>Casa \u201cM\u00e3n\u00e3stirea Sf. Iosif\u201d<\/strong><\/span><\/p>\n<span style=\"color: #000000;\"><\/span>\n<p style=\"text-align: center;\"><span style=\"color: #000000;\">Strada Zorilor, 15<\/span><\/p>\n<span style=\"color: #000000;\"><\/span>\n<p style=\"text-align: center;\"><span style=\"color: #000000;\">605300 D\u00c3RM\u00c3NESTI- Jud. Bacau<\/span><\/p>\n<span style=\"color: #000000;\"><\/span>\n<p style=\"text-align: center;\"><span style=\"color: #000000;\">email:&nbsp;<span style=\"color: #0000ff;\">carmelodarmanesti@gmail.com<\/span><\/span><\/p>\n<\/blockquote>\n<p>&nbsp;<\/p>\n<p style=\"text-align: center;\"><span style=\"font-size: 14pt; color: #000000; font-family: georgia, palatino, serif;\"><strong>D\u0103rm\u0103ne<\/strong><strong>\u0219<\/strong><strong>ti (Bacau)<\/strong><\/span><\/p>\n<p style=\"text-align: center; line-height: 0.75;\"><span style=\"font-size: 14pt; color: #000000; font-family: georgia, palatino, serif; letter-spacing: inherit;\">Fondata a Bucarest il 7 ottobre 2000<\/span><\/p>\n<p style=\"text-align: center; line-height: 0.75;\"><span style=\"font-size: 14pt; color: #000000; font-family: georgia, palatino, serif; letter-spacing: inherit;\">trasferita a D\u0103rm\u0103ne\u0219ti&nbsp; il 16 luglio 2005<\/span><\/p>\n<p><span style=\"color: #000000; font-family: georgia, palatino, serif;\"><strong>&nbsp;<\/strong><\/span><\/p>\n<p><span style=\"color: #000000; font-family: georgia, palatino, serif;\"><strong>&nbsp;<\/strong><strong>Attivit\u00e0:<\/strong><\/span><\/p>\n<ul>\n<li><span style=\"color: #000000; font-family: georgia, palatino, serif;\">Assistenza domiciliare ad anziani e malati<\/span><\/li>\n<li><span style=\"color: #000000; font-family: georgia, palatino, serif;\">Doposcuola con refezione per i pi\u00f9 poveri<\/span><\/li>\n<li><span style=\"color: #000000; font-family: georgia, palatino, serif;\">Organizzazione di \u201cgrest\u201d locali con accoglienza di gruppi di animatori provenienti dall\u2019Italia<\/span><\/li>\n<\/ul>\n<p><span style=\"color: #000000;\"><\/span><\/p><\/div><\/div><!-- \/vcwb\/dynamicElementComment:64f1e467 --><\/div><\/div><\/div><!-- \/vcwb\/dynamicElementComment:88f7a36f --><\/div><\/div><\/div><!-- \/vcwb\/dynamicElementComment:27e6628f --><!-- vcwb\/dynamicElementComment:4cd14d86 --><div class=\"vce-row-container\" data-vce-boxed-width=\"true\"><div class=\"vce-row vce-row--col-gap-30 vce-row-equal-height vce-row-content--top\" id=\"el-4cd14d86\" data-vce-do-apply=\"all el-4cd14d86\"><div class=\"vce-row-content\" data-vce-element-content=\"true\"><!-- vcwb\/dynamicElementComment:a6761e7d --><div class=\"vce-col vce-col--md-auto vce-col--xs-1 vce-col--xs-last vce-col--xs-first vce-col--sm-last vce-col--sm-first vce-col--md-last vce-col--lg-last vce-col--xl-last vce-col--md-first vce-col--lg-first vce-col--xl-first\" id=\"el-a6761e7d\"><div class=\"vce-col-inner\" data-vce-do-apply=\"border margin background  el-a6761e7d\"><div class=\"vce-col-content\" data-vce-element-content=\"true\" data-vce-do-apply=\"padding el-a6761e7d\"><!-- vcwb\/dynamicElementComment:7ace3b27 --><div class=\"vce-simple-image-slider\" style=\"--backgroundPosition:center center; --pointerColor:#fff; --pointerColorHover:#fd9a00;\"><div class=\"vce-simple-image-slider-wrapper vce\" id=\"el-7ace3b27\" data-vce-do-apply=\"all el-7ace3b27\"><div class=\"vce-simple-image-slider-helper vce-simple-image-slider-aspect-ratio--16-9\"><div class=\"vce-simple-image-slider-list\" data-slick-autoplay=\"on\" data-slick-autoplay-delay=\"5000\" data-slick-effect=\"slideIn\" data-slick-dots=\"on\" data-slick-arrows=\"off\"><div class=\"slick-list\"><div class=\"slick-track\"><div class=\"vce-simple-image-slider-item vc-slick-item\"><a href=\"|!|vcvUploadUrl|!|\/2023\/04\/WhatsApp-Image-2023-04-21-at-17.33.27.jpeg\" data-lightbox=\"lightbox-7ace3b27\" style=\"background-image:url(|!|vcvUploadUrl|!|\/2023\/04\/WhatsApp-Image-2023-04-21-at-17.33.27.jpeg)\" class=\"vce-simple-image-slider-img vce-simple-image-slider-img--scale\"><img decoding=\"async\" class=\"\" src=\"|!|vcvUploadUrl|!|\/2023\/04\/WhatsApp-Image-2023-04-21-at-17.33.27.jpeg\" style=\"opacity:0\" alt=\"\"><\/a><\/div><div class=\"vce-simple-image-slider-item vc-slick-item\"><a href=\"|!|vcvUploadUrl|!|\/2022\/08\/IMG-20201115-WA0001.jpg\" data-lightbox=\"lightbox-7ace3b27\" style=\"background-image:url(|!|vcvUploadUrl|!|\/2022\/08\/IMG-20201115-WA0001.jpg)\" class=\"vce-simple-image-slider-img vce-simple-image-slider-img--scale\"><img decoding=\"async\" class=\"\" src=\"|!|vcvUploadUrl|!|\/2022\/08\/IMG-20201115-WA0001.jpg\" style=\"opacity:0\" alt=\"\"><\/a><\/div><div class=\"vce-simple-image-slider-item vc-slick-item\"><a href=\"|!|vcvUploadUrl|!|\/2022\/08\/romania.jpg\" data-lightbox=\"lightbox-7ace3b27\" style=\"background-image:url(|!|vcvUploadUrl|!|\/2022\/08\/romania.jpg)\" class=\"vce-simple-image-slider-img vce-simple-image-slider-img--scale\"><img decoding=\"async\" class=\"\" src=\"|!|vcvUploadUrl|!|\/2022\/08\/romania.jpg\" style=\"opacity:0\" alt=\"\"><\/a><\/div><div class=\"vce-simple-image-slider-item vc-slick-item\"><a href=\"|!|vcvUploadUrl|!|\/2022\/08\/20190722_091541.jpg\" data-lightbox=\"lightbox-7ace3b27\" style=\"background-image:url(|!|vcvUploadUrl|!|\/2022\/08\/20190722_091541.jpg)\" class=\"vce-simple-image-slider-img vce-simple-image-slider-img--scale\"><img decoding=\"async\" class=\"\" src=\"|!|vcvUploadUrl|!|\/2022\/08\/20190722_091541.jpg\" style=\"opacity:0\" alt=\"\"><\/a><\/div><div class=\"vce-simple-image-slider-item vc-slick-item\"><a href=\"|!|vcvUploadUrl|!|\/2022\/08\/20190722_113801.jpg\" data-lightbox=\"lightbox-7ace3b27\" style=\"background-image:url(|!|vcvUploadUrl|!|\/2022\/08\/20190722_113801.jpg)\" class=\"vce-simple-image-slider-img vce-simple-image-slider-img--scale\"><img decoding=\"async\" class=\"\" src=\"|!|vcvUploadUrl|!|\/2022\/08\/20190722_113801.jpg\" style=\"opacity:0\" alt=\"\"><\/a><\/div><div class=\"vce-simple-image-slider-item vc-slick-item\"><a href=\"|!|vcvUploadUrl|!|\/2022\/08\/20190724_105959.jpg\" data-lightbox=\"lightbox-7ace3b27\" style=\"background-image:url(|!|vcvUploadUrl|!|\/2022\/08\/20190724_105959.jpg)\" class=\"vce-simple-image-slider-img vce-simple-image-slider-img--scale\"><img decoding=\"async\" class=\"\" src=\"|!|vcvUploadUrl|!|\/2022\/08\/20190724_105959.jpg\" style=\"opacity:0\" alt=\"\"><\/a><\/div><div class=\"vce-simple-image-slider-item vc-slick-item\"><a href=\"|!|vcvUploadUrl|!|\/2022\/08\/IMG-20201115-WA0010.jpg\" data-lightbox=\"lightbox-7ace3b27\" style=\"background-image:url(|!|vcvUploadUrl|!|\/2022\/08\/IMG-20201115-WA0010.jpg)\" class=\"vce-simple-image-slider-img vce-simple-image-slider-img--scale\"><img decoding=\"async\" class=\"\" src=\"|!|vcvUploadUrl|!|\/2022\/08\/IMG-20201115-WA0010.jpg\" style=\"opacity:0\" alt=\"\"><\/a><\/div><div class=\"vce-simple-image-slider-item vc-slick-item\"><a href=\"|!|vcvUploadUrl|!|\/2022\/08\/IMG-20201115-WA0012.jpg\" data-lightbox=\"lightbox-7ace3b27\" style=\"background-image:url(|!|vcvUploadUrl|!|\/2022\/08\/IMG-20201115-WA0012.jpg)\" class=\"vce-simple-image-slider-img vce-simple-image-slider-img--scale\"><img decoding=\"async\" class=\"\" src=\"|!|vcvUploadUrl|!|\/2022\/08\/IMG-20201115-WA0012.jpg\" style=\"opacity:0\" alt=\"\"><\/a><\/div><div class=\"vce-simple-image-slider-item vc-slick-item\"><a href=\"|!|vcvUploadUrl|!|\/2022\/08\/IMG-20201115-WA0013.jpg\" data-lightbox=\"lightbox-7ace3b27\" style=\"background-image:url(|!|vcvUploadUrl|!|\/2022\/08\/IMG-20201115-WA0013.jpg)\" class=\"vce-simple-image-slider-img vce-simple-image-slider-img--scale\"><img decoding=\"async\" class=\"\" src=\"|!|vcvUploadUrl|!|\/2022\/08\/IMG-20201115-WA0013.jpg\" style=\"opacity:0\" alt=\"\"><\/a><\/div><div class=\"vce-simple-image-slider-item vc-slick-item\"><a href=\"|!|vcvUploadUrl|!|\/2022\/08\/IMG-20201115-WA0015.jpg\" data-lightbox=\"lightbox-7ace3b27\" style=\"background-image:url(|!|vcvUploadUrl|!|\/2022\/08\/IMG-20201115-WA0015.jpg)\" class=\"vce-simple-image-slider-img vce-simple-image-slider-img--scale\"><img decoding=\"async\" class=\"\" src=\"|!|vcvUploadUrl|!|\/2022\/08\/IMG-20201115-WA0015.jpg\" style=\"opacity:0\" alt=\"\"><\/a><\/div><div class=\"vce-simple-image-slider-item vc-slick-item\"><a href=\"|!|vcvUploadUrl|!|\/2022\/08\/IMG-20201115-WA0021.jpg\" data-lightbox=\"lightbox-7ace3b27\" style=\"background-image:url(|!|vcvUploadUrl|!|\/2022\/08\/IMG-20201115-WA0021.jpg)\" class=\"vce-simple-image-slider-img vce-simple-image-slider-img--scale\"><img decoding=\"async\" class=\"\" src=\"|!|vcvUploadUrl|!|\/2022\/08\/IMG-20201115-WA0021.jpg\" style=\"opacity:0\" alt=\"\"><\/a><\/div><div class=\"vce-simple-image-slider-item vc-slick-item\"><a href=\"|!|vcvUploadUrl|!|\/2022\/08\/Immagine5.jpg\" data-lightbox=\"lightbox-7ace3b27\" style=\"background-image:url(|!|vcvUploadUrl|!|\/2022\/08\/Immagine5.jpg)\" class=\"vce-simple-image-slider-img vce-simple-image-slider-img--scale\"><img decoding=\"async\" class=\"\" src=\"|!|vcvUploadUrl|!|\/2022\/08\/Immagine5.jpg\" style=\"opacity:0\" alt=\"\"><\/a><\/div><div class=\"vce-simple-image-slider-item vc-slick-item\"><a href=\"|!|vcvUploadUrl|!|\/2022\/08\/Immagine7.jpg\" data-lightbox=\"lightbox-7ace3b27\" style=\"background-image:url(|!|vcvUploadUrl|!|\/2022\/08\/Immagine7.jpg)\" class=\"vce-simple-image-slider-img vce-simple-image-slider-img--scale\"><img decoding=\"async\" class=\"\" src=\"|!|vcvUploadUrl|!|\/2022\/08\/Immagine7.jpg\" style=\"opacity:0\" alt=\"\"><\/a><\/div><div class=\"vce-simple-image-slider-item vc-slick-item\"><a href=\"|!|vcvUploadUrl|!|\/2022\/08\/Immagine8.jpg\" data-lightbox=\"lightbox-7ace3b27\" style=\"background-image:url(|!|vcvUploadUrl|!|\/2022\/08\/Immagine8.jpg)\" class=\"vce-simple-image-slider-img vce-simple-image-slider-img--scale\"><img decoding=\"async\" class=\"\" src=\"|!|vcvUploadUrl|!|\/2022\/08\/Immagine8.jpg\" style=\"opacity:0\" alt=\"\"><\/a><\/div><div class=\"vce-simple-image-slider-item vc-slick-item\"><a href=\"|!|vcvUploadUrl|!|\/2022\/08\/Immagine13.jpg\" data-lightbox=\"lightbox-7ace3b27\" style=\"background-image:url(|!|vcvUploadUrl|!|\/2022\/08\/Immagine13.jpg)\" class=\"vce-simple-image-slider-img vce-simple-image-slider-img--scale\"><img decoding=\"async\" class=\"\" src=\"|!|vcvUploadUrl|!|\/2022\/08\/Immagine13.jpg\" style=\"opacity:0\" alt=\"\"><\/a><\/div><div class=\"vce-simple-image-slider-item vc-slick-item\"><a href=\"|!|vcvUploadUrl|!|\/2022\/08\/Immagine14.jpg\" data-lightbox=\"lightbox-7ace3b27\" style=\"background-image:url(|!|vcvUploadUrl|!|\/2022\/08\/Immagine14.jpg)\" class=\"vce-simple-image-slider-img vce-simple-image-slider-img--scale\"><img decoding=\"async\" class=\"\" src=\"|!|vcvUploadUrl|!|\/2022\/08\/Immagine14.jpg\" style=\"opacity:0\" alt=\"\"><\/a><\/div><div class=\"vce-simple-image-slider-item vc-slick-item\"><a href=\"|!|vcvUploadUrl|!|\/2022\/08\/DSC06966-scaled.jpg\" data-lightbox=\"lightbox-7ace3b27\" style=\"background-image:url(|!|vcvUploadUrl|!|\/2022\/08\/DSC06966-scaled.jpg)\" class=\"vce-simple-image-slider-img vce-simple-image-slider-img--scale\"><img decoding=\"async\" class=\"\" src=\"|!|vcvUploadUrl|!|\/2022\/08\/DSC06966-scaled.jpg\" style=\"opacity:0\" alt=\"\"><\/a><\/div><div class=\"vce-simple-image-slider-item vc-slick-item\"><a href=\"|!|vcvUploadUrl|!|\/2023\/04\/WhatsApp-Image-2023-04-21-at-17.33.28-4.jpeg\" data-lightbox=\"lightbox-7ace3b27\" style=\"background-image:url(|!|vcvUploadUrl|!|\/2023\/04\/WhatsApp-Image-2023-04-21-at-17.33.28-4.jpeg)\" class=\"vce-simple-image-slider-img vce-simple-image-slider-img--scale\"><img decoding=\"async\" class=\"\" src=\"|!|vcvUploadUrl|!|\/2023\/04\/WhatsApp-Image-2023-04-21-at-17.33.28-4.jpeg\" style=\"opacity:0\" alt=\"\"><\/a><\/div><div class=\"vce-simple-image-slider-item vc-slick-item\"><a href=\"|!|vcvUploadUrl|!|\/2023\/04\/WhatsApp-Image-2023-04-21-at-17.33.29-2.jpeg\" data-lightbox=\"lightbox-7ace3b27\" style=\"background-image:url(|!|vcvUploadUrl|!|\/2023\/04\/WhatsApp-Image-2023-04-21-at-17.33.29-2.jpeg)\" class=\"vce-simple-image-slider-img vce-simple-image-slider-img--scale\"><img decoding=\"async\" class=\"\" src=\"|!|vcvUploadUrl|!|\/2023\/04\/WhatsApp-Image-2023-04-21-at-17.33.29-2.jpeg\" style=\"opacity:0\" alt=\"\"><\/a><\/div><div class=\"vce-simple-image-slider-item vc-slick-item\"><a href=\"|!|vcvUploadUrl|!|\/2023\/04\/WhatsApp-Image-2023-04-21-at-17.33.29-4.jpeg\" data-lightbox=\"lightbox-7ace3b27\" style=\"background-image:url(|!|vcvUploadUrl|!|\/2023\/04\/WhatsApp-Image-2023-04-21-at-17.33.29-4.jpeg)\" class=\"vce-simple-image-slider-img vce-simple-image-slider-img--scale\"><img decoding=\"async\" class=\"\" src=\"|!|vcvUploadUrl|!|\/2023\/04\/WhatsApp-Image-2023-04-21-at-17.33.29-4.jpeg\" style=\"opacity:0\" alt=\"\"><\/a><\/div><div class=\"vce-simple-image-slider-item vc-slick-item\"><a href=\"|!|vcvUploadUrl|!|\/2023\/04\/WhatsApp-Image-2023-04-21-at-17.33.30-1.jpeg\" data-lightbox=\"lightbox-7ace3b27\" style=\"background-image:url(|!|vcvUploadUrl|!|\/2023\/04\/WhatsApp-Image-2023-04-21-at-17.33.30-1.jpeg)\" class=\"vce-simple-image-slider-img vce-simple-image-slider-img--scale\"><img decoding=\"async\" class=\"\" src=\"|!|vcvUploadUrl|!|\/2023\/04\/WhatsApp-Image-2023-04-21-at-17.33.30-1.jpeg\" style=\"opacity:0\" alt=\"\"><\/a><\/div><div class=\"vce-simple-image-slider-item vc-slick-item\"><a href=\"|!|vcvUploadUrl|!|\/2023\/04\/WhatsApp-Image-2023-04-21-at-17.33.14.jpeg\" data-lightbox=\"lightbox-7ace3b27\" style=\"background-image:url(|!|vcvUploadUrl|!|\/2023\/04\/WhatsApp-Image-2023-04-21-at-17.33.14.jpeg)\" class=\"vce-simple-image-slider-img vce-simple-image-slider-img--scale\"><img decoding=\"async\" class=\"\" src=\"|!|vcvUploadUrl|!|\/2023\/04\/WhatsApp-Image-2023-04-21-at-17.33.14.jpeg\" style=\"opacity:0\" alt=\"\"><\/a><\/div><\/div><\/div><\/div><div class=\"vce-simple-image-slider-dots\"><\/div><\/div><\/div><\/div><!-- \/vcwb\/dynamicElementComment:7ace3b27 --><\/div><\/div><\/div><!-- \/vcwb\/dynamicElementComment:a6761e7d --><\/div><\/div><\/div><!-- \/vcwb\/dynamicElementComment:4cd14d86 --><!-- vcwb\/dynamicElementComment:dfdb17bf --><div class=\"vce-row-container\" data-vce-boxed-width=\"true\"><div class=\"vce-row vce-row--col-gap-30 vce-row-equal-height vce-row-content--top\" id=\"el-dfdb17bf\" data-vce-do-apply=\"all el-dfdb17bf\"><div class=\"vce-row-content\" data-vce-element-content=\"true\"><!-- vcwb\/dynamicElementComment:db8b97a3 --><div class=\"vce-col vce-col--md-auto vce-col--xs-1 vce-col--xs-last vce-col--xs-first vce-col--sm-last vce-col--sm-first vce-col--md-last vce-col--lg-last vce-col--xl-last vce-col--md-first vce-col--lg-first vce-col--xl-first\" id=\"el-db8b97a3\"><div class=\"vce-col-inner\" data-vce-do-apply=\"border margin background  el-db8b97a3\"><div class=\"vce-col-content\" data-vce-element-content=\"true\" data-vce-do-apply=\"padding el-db8b97a3\"><!-- vcwb\/dynamicElementComment:e563fe4b --><div class=\"vce-google-maps vce-google-maps--align-center\"><div class=\"vce-google-maps-wrapper vce vce-google-maps-proportional\" id=\"el-e563fe4b\" data-vce-do-apply=\"all el-e563fe4b\" data-vce-animate=\"vce-o-animate--bounceInRight\" style=\"width: 600px; height: auto;\"><div class=\"vce-google-maps-inner\" style=\"padding-bottom: 75%;\"><iframe src=\"https:\/\/www.google.com\/maps\/embed?pb=!1m18!1m12!1m3!1d1120.3007069973446!2d26.491117836532446!3d46.364407526600175!2m3!1f0!2f0!3f0!3m2!1i1024!2i768!4f13.1!3m3!1m2!1s0x40b5182917a34ccb%3A0xe7fd2cfce642cbb7!2sStrada%20Zorilor%2015%2C%20D%C4%83rm%C4%83ne%C8%99ti%20605300%2C%20Romania!5e1!3m2!1sit!2sit!4v1668965886639!5m2!1sit!2sit\" width=\"600\" height=\"450\" style=\"border: 0px; pointer-events: none;\" allowfullscreen=\"\" loading=\"lazy\" referrerpolicy=\"no-referrer-when-downgrade\"><\/iframe><\/div><\/div><\/div><!-- \/vcwb\/dynamicElementComment:e563fe4b --><\/div><\/div><\/div><!-- \/vcwb\/dynamicElementComment:db8b97a3 --><\/div><\/div><\/div><!-- \/vcwb\/dynamicElementComment:dfdb17bf --><!--vcv no format-->","protected":false},"excerpt":{"rendered":"<p>Casa \u201cM\u00e3n\u00e3stirea Sf. Iosif\u201d Strada Zorilor, 15 605300 D\u00c3RM\u00c3NESTI- Jud. Bacau email:&nbsp;carmelodarmanesti@gmail.com &nbsp; D\u0103rm\u0103ne\u0219ti (Bacau) Fondata a Bucarest il 7 ottobre 2000 trasferita a D\u0103rm\u0103ne\u0219ti&nbsp; il 16 luglio 2005 &nbsp; &nbsp;Attivit\u00e0: Assistenza domiciliare ad anziani e malati Doposcuola con refezione per i pi\u00f9 poveri Organizzazione di \u201cgrest\u201d locali con accoglienza di gruppi di animatori provenienti [&hellip;]<\/p>\n","protected":false},"author":1,"featured_media":0,"parent":0,"menu_order":0,"comment_status":"closed","ping_status":"closed","template":"","meta":{"footnotes":""},"class_list":["post-133","page","type-page","status-publish","hentry"],"yoast_head":"<!-- This site is optimized with the Yoast SEO plugin v27.2 - https:\/\/yoast.com\/product\/yoast-seo-wordpress\/ -->\n<title>Romania -<\/title>\n<meta name=\"robots\" content=\"index, follow, max-snippet:-1, max-image-preview:large, max-video-preview:-1\" \/>\n<link rel=\"canonical\" href=\"https:\/\/www.fondazionecarmelitane.it\/?page_id=133\" \/>\n<meta property=\"og:locale\" content=\"it_IT\" \/>\n<meta property=\"og:type\" content=\"article\" \/>\n<meta property=\"og:title\" content=\"Romania -\" \/>\n<meta property=\"og:description\" content=\"Casa \u201cM\u00e3n\u00e3stirea Sf. Iosif\u201d Strada Zorilor, 15 605300 D\u00c3RM\u00c3NESTI- Jud. Bacau email:&nbsp;carmelodarmanesti@gmail.com &nbsp; D\u0103rm\u0103ne\u0219ti (Bacau) Fondata a Bucarest il 7 ottobre 2000 trasferita a D\u0103rm\u0103ne\u0219ti&nbsp; il 16 luglio 2005 &nbsp; &nbsp;Attivit\u00e0: Assistenza domiciliare ad anziani e malati Doposcuola con refezione per i pi\u00f9 poveri Organizzazione di \u201cgrest\u201d locali con accoglienza di gruppi di animatori provenienti [&hellip;]\" \/>\n<meta property=\"og:url\" content=\"https:\/\/www.fondazionecarmelitane.it\/?page_id=133\" \/>\n<meta property=\"article:publisher\" content=\"https:\/\/www.facebook.com\/profile.php?id=100066398982492\" \/>\n<meta property=\"article:modified_time\" content=\"2023-04-23T08:38:48+00:00\" \/>\n<meta name=\"twitter:card\" content=\"summary_large_image\" \/>\n<script type=\"application\/ld+json\" class=\"yoast-schema-graph\">{\"@context\":\"https:\/\/schema.org\",\"@graph\":[{\"@type\":\"WebPage\",\"@id\":\"https:\/\/www.fondazionecarmelitane.it\/?page_id=133\",\"url\":\"https:\/\/www.fondazionecarmelitane.it\/?page_id=133\",\"name\":\"Romania -\",\"isPartOf\":{\"@id\":\"https:\/\/www.fondazionecarmelitane.it\/#website\"},\"datePublished\":\"2022-06-23T20:35:36+00:00\",\"dateModified\":\"2023-04-23T08:38:48+00:00\",\"breadcrumb\":{\"@id\":\"https:\/\/www.fondazionecarmelitane.it\/?page_id=133#breadcrumb\"},\"inLanguage\":\"it-IT\",\"potentialAction\":[{\"@type\":\"ReadAction\",\"target\":[\"https:\/\/www.fondazionecarmelitane.it\/?page_id=133\"]}]},{\"@type\":\"BreadcrumbList\",\"@id\":\"https:\/\/www.fondazionecarmelitane.it\/?page_id=133#breadcrumb\",\"itemListElement\":[{\"@type\":\"ListItem\",\"position\":1,\"name\":\"Home\",\"item\":\"https:\/\/www.fondazionecarmelitane.it\/\"},{\"@type\":\"ListItem\",\"position\":2,\"name\":\"Romania\"}]},{\"@type\":\"WebSite\",\"@id\":\"https:\/\/www.fondazionecarmelitane.it\/#website\",\"url\":\"https:\/\/www.fondazionecarmelitane.it\/\",\"name\":\"Fondazione Missioni onlus\",\"description\":\"\",\"publisher\":{\"@id\":\"https:\/\/www.fondazionecarmelitane.it\/#organization\"},\"potentialAction\":[{\"@type\":\"SearchAction\",\"target\":{\"@type\":\"EntryPoint\",\"urlTemplate\":\"https:\/\/www.fondazionecarmelitane.it\/?s={search_term_string}\"},\"query-input\":{\"@type\":\"PropertyValueSpecification\",\"valueRequired\":true,\"valueName\":\"search_term_string\"}}],\"inLanguage\":\"it-IT\"},{\"@type\":\"Organization\",\"@id\":\"https:\/\/www.fondazionecarmelitane.it\/#organization\",\"name\":\"Carmelitane di S. Teresa di Torino organizzazione religiosa\",\"url\":\"https:\/\/www.fondazionecarmelitane.it\/\",\"logo\":{\"@type\":\"ImageObject\",\"inLanguage\":\"it-IT\",\"@id\":\"https:\/\/www.fondazionecarmelitane.it\/#\/schema\/logo\/image\/\",\"url\":\"https:\/\/www.fondazionecarmelitane.it\/wp-content\/uploads\/2022\/06\/cropped-FB_IMG_1635600635774.jpg\",\"contentUrl\":\"https:\/\/www.fondazionecarmelitane.it\/wp-content\/uploads\/2022\/06\/cropped-FB_IMG_1635600635774.jpg\",\"width\":103,\"height\":103,\"caption\":\"Carmelitane di S. Teresa di Torino organizzazione religiosa\"},\"image\":{\"@id\":\"https:\/\/www.fondazionecarmelitane.it\/#\/schema\/logo\/image\/\"},\"sameAs\":[\"https:\/\/www.facebook.com\/profile.php?id=100066398982492\",\"https:\/\/www.instagram.com\/missioni.carmelitane.di.torino\/\"]}]}<\/script>\n<!-- \/ Yoast SEO plugin. -->","yoast_head_json":{"title":"Romania -","robots":{"index":"index","follow":"follow","max-snippet":"max-snippet:-1","max-image-preview":"max-image-preview:large","max-video-preview":"max-video-preview:-1"},"canonical":"https:\/\/www.fondazionecarmelitane.it\/?page_id=133","og_locale":"it_IT","og_type":"article","og_title":"Romania -","og_description":"Casa \u201cM\u00e3n\u00e3stirea Sf. Iosif\u201d Strada Zorilor, 15 605300 D\u00c3RM\u00c3NESTI- Jud. Bacau email:&nbsp;carmelodarmanesti@gmail.com &nbsp; D\u0103rm\u0103ne\u0219ti (Bacau) Fondata a Bucarest il 7 ottobre 2000 trasferita a D\u0103rm\u0103ne\u0219ti&nbsp; il 16 luglio 2005 &nbsp; &nbsp;Attivit\u00e0: Assistenza domiciliare ad anziani e malati Doposcuola con refezione per i pi\u00f9 poveri Organizzazione di \u201cgrest\u201d locali con accoglienza di gruppi di animatori provenienti [&hellip;]","og_url":"https:\/\/www.fondazionecarmelitane.it\/?page_id=133","article_publisher":"https:\/\/www.facebook.com\/profile.php?id=100066398982492","article_modified_time":"2023-04-23T08:38:48+00:00","twitter_card":"summary_large_image","schema":{"@context":"https:\/\/schema.org","@graph":[{"@type":"WebPage","@id":"https:\/\/www.fondazionecarmelitane.it\/?page_id=133","url":"https:\/\/www.fondazionecarmelitane.it\/?page_id=133","name":"Romania -","isPartOf":{"@id":"https:\/\/www.fondazionecarmelitane.it\/#website"},"datePublished":"2022-06-23T20:35:36+00:00","dateModified":"2023-04-23T08:38:48+00:00","breadcrumb":{"@id":"https:\/\/www.fondazionecarmelitane.it\/?page_id=133#breadcrumb"},"inLanguage":"it-IT","potentialAction":[{"@type":"ReadAction","target":["https:\/\/www.fondazionecarmelitane.it\/?page_id=133"]}]},{"@type":"BreadcrumbList","@id":"https:\/\/www.fondazionecarmelitane.it\/?page_id=133#breadcrumb","itemListElement":[{"@type":"ListItem","position":1,"name":"Home","item":"https:\/\/www.fondazionecarmelitane.it\/"},{"@type":"ListItem","position":2,"name":"Romania"}]},{"@type":"WebSite","@id":"https:\/\/www.fondazionecarmelitane.it\/#website","url":"https:\/\/www.fondazionecarmelitane.it\/","name":"Fondazione Missioni onlus","description":"","publisher":{"@id":"https:\/\/www.fondazionecarmelitane.it\/#organization"},"potentialAction":[{"@type":"SearchAction","target":{"@type":"EntryPoint","urlTemplate":"https:\/\/www.fondazionecarmelitane.it\/?s={search_term_string}"},"query-input":{"@type":"PropertyValueSpecification","valueRequired":true,"valueName":"search_term_string"}}],"inLanguage":"it-IT"},{"@type":"Organization","@id":"https:\/\/www.fondazionecarmelitane.it\/#organization","name":"Carmelitane di S. Teresa di Torino organizzazione religiosa","url":"https:\/\/www.fondazionecarmelitane.it\/","logo":{"@type":"ImageObject","inLanguage":"it-IT","@id":"https:\/\/www.fondazionecarmelitane.it\/#\/schema\/logo\/image\/","url":"https:\/\/www.fondazionecarmelitane.it\/wp-content\/uploads\/2022\/06\/cropped-FB_IMG_1635600635774.jpg","contentUrl":"https:\/\/www.fondazionecarmelitane.it\/wp-content\/uploads\/2022\/06\/cropped-FB_IMG_1635600635774.jpg","width":103,"height":103,"caption":"Carmelitane di S. Teresa di Torino organizzazione religiosa"},"image":{"@id":"https:\/\/www.fondazionecarmelitane.it\/#\/schema\/logo\/image\/"},"sameAs":["https:\/\/www.facebook.com\/profile.php?id=100066398982492","https:\/\/www.instagram.com\/missioni.carmelitane.di.torino\/"]}]}},"_links":{"self":[{"href":"https:\/\/www.fondazionecarmelitane.it\/index.php?rest_route=\/wp\/v2\/pages\/133","targetHints":{"allow":["GET"]}}],"collection":[{"href":"https:\/\/www.fondazionecarmelitane.it\/index.php?rest_route=\/wp\/v2\/pages"}],"about":[{"href":"https:\/\/www.fondazionecarmelitane.it\/index.php?rest_route=\/wp\/v2\/types\/page"}],"author":[{"embeddable":true,"href":"https:\/\/www.fondazionecarmelitane.it\/index.php?rest_route=\/wp\/v2\/users\/1"}],"replies":[{"embeddable":true,"href":"https:\/\/www.fondazionecarmelitane.it\/index.php?rest_route=%2Fwp%2Fv2%2Fcomments&post=133"}],"version-history":[{"count":10,"href":"https:\/\/www.fondazionecarmelitane.it\/index.php?rest_route=\/wp\/v2\/pages\/133\/revisions"}],"predecessor-version":[{"id":1412,"href":"https:\/\/www.fondazionecarmelitane.it\/index.php?rest_route=\/wp\/v2\/pages\/133\/revisions\/1412"}],"wp:attachment":[{"href":"https:\/\/www.fondazionecarmelitane.it\/index.php?rest_route=%2Fwp%2Fv2%2Fmedia&parent=133"}],"curies":[{"name":"wp","href":"https:\/\/api.w.org\/{rel}","templated":true}]}}