{"id":1152,"date":"2022-12-13T10:46:30","date_gmt":"2022-12-13T10:46:30","guid":{"rendered":"https:\/\/www.fondazionecarmelitane.it\/?page_id=1152"},"modified":"2023-10-06T10:01:38","modified_gmt":"2023-10-06T10:01:38","slug":"nostri-progetti","status":"publish","type":"page","link":"https:\/\/www.fondazionecarmelitane.it\/?page_id=1152","title":{"rendered":"Nostri progetti"},"content":{"rendered":"<div data-colibri-id=\"1152-c1\" class=\"style-591 style-local-1152-c1 position-relative\">\n  <!---->\n  <div data-colibri-component=\"section\" data-colibri-id=\"1152-c6\" id=\"progetti-rom\" class=\"h-section h-section-global-spacing d-flex align-items-lg-center align-items-md-center align-items-center style-596 style-local-1152-c6 position-relative\">\n    <!---->\n    <!---->\n    <div class=\"h-section-grid-container h-section-boxed-container\">\n      <!---->\n      <div data-colibri-id=\"1152-c7\" class=\"h-row-container gutters-row-lg-0 gutters-row-md-0 gutters-row-0 gutters-row-v-lg-0 gutters-row-v-md-0 gutters-row-v-0 style-597 style-local-1152-c7 position-relative\">\n        <!---->\n        <div class=\"h-row justify-content-lg-center justify-content-md-center justify-content-center align-items-lg-stretch align-items-md-stretch align-items-stretch gutters-col-lg-0 gutters-col-md-0 gutters-col-0 gutters-col-v-lg-0 gutters-col-v-md-0 gutters-col-v-0\">\n          <!---->\n          <div class=\"h-column h-column-container d-flex h-col-lg-auto h-col-md-auto h-col-auto style-598-outer style-local-1152-c8-outer\">\n            <div data-colibri-id=\"1152-c8\" class=\"d-flex h-flex-basis h-column__inner h-px-lg-0 h-px-md-0 h-px-0 v-inner-lg-0 v-inner-md-0 v-inner-0 style-598 style-local-1152-c8 position-relative\">\n              <!---->\n              <!---->\n              <div class=\"w-100 h-y-container h-column__content h-column__v-align flex-basis-100 align-self-lg-start align-self-md-start align-self-start\">\n                <!---->\n                <div data-colibri-id=\"1152-c10\" class=\"h-global-transition-all h-heading style-600 style-local-1152-c10 position-relative h-element\">\n                  <!---->\n                  <div class=\"h-heading__outer style-600 style-local-1152-c10\">\n                    <!---->\n                    <!---->\n                    <a href=\"https:\/\/www.fondazionecarmelitane.it\/?page_id=414\" h-use-smooth-scroll=\"true\">\n                      <h2 class=\"\">Progetti Romania<\/h2>\n                    <\/a>\n                  <\/div>\n                <\/div>\n                <div data-colibri-id=\"1152-c27\" class=\"h-x-container style-617 style-local-1152-c27 position-relative h-element\">\n                  <!---->\n                  <div class=\"h-x-container-inner style-dynamic-1152-c27-group style-617-spacing style-local-1152-c27-spacing\"><span class=\"h-button__outer style-618-outer style-local-1152-c28-outer d-inline-flex h-element\"><a h-use-smooth-scroll=\"true\" href=\"https:\/\/www.fondazionecarmelitane.it\/?page_id=414\"  data-colibri-id=\"1152-c28\" class=\"d-flex w-100 align-items-center h-button justify-content-lg-center justify-content-md-center justify-content-center style-618 style-local-1152-c28 position-relative\"><!----><!----> <span>scopri di pi\u00f9 sui progetti<\/span><\/a>\n                    <\/span>\n                  <\/div>\n                <\/div>\n              <\/div>\n            <\/div>\n          <\/div>\n          <div class=\"h-column h-column-container d-flex h-col-lg-auto h-col-md-auto h-col-auto style-602-outer style-local-1152-c12-outer\">\n            <div data-colibri-id=\"1152-c12\" class=\"d-flex h-flex-basis h-column__inner h-ui-empty-state-container h-px-lg-2 h-px-md-2 h-px-2 v-inner-lg-2 v-inner-md-2 v-inner-2 style-602 style-local-1152-c12 position-relative\">\n              <!---->\n              <!---->\n              <div class=\"w-100 h-y-container h-column__content h-column__v-align flex-basis-100\">\n                <!---->\n              <\/div>\n            <\/div>\n          <\/div>\n        <\/div>\n      <\/div>\n    <\/div>\n  <\/div>\n  <div data-colibri-component=\"section\" data-colibri-id=\"1152-c13\" id=\"progetti-rca\" class=\"h-section h-section-global-spacing d-flex align-items-lg-center align-items-md-center align-items-center style-603 style-local-1152-c13 position-relative\">\n    <!---->\n    <!---->\n    <div class=\"h-section-grid-container h-section-boxed-container\">\n      <!---->\n      <div data-colibri-id=\"1152-c14\" class=\"h-row-container gutters-row-lg-0 gutters-row-md-0 gutters-row-0 gutters-row-v-lg-0 gutters-row-v-md-0 gutters-row-v-0 style-604 style-local-1152-c14 position-relative\">\n        <!---->\n        <div class=\"h-row justify-content-lg-center justify-content-md-center justify-content-center align-items-lg-stretch align-items-md-stretch align-items-stretch gutters-col-lg-0 gutters-col-md-0 gutters-col-0 gutters-col-v-lg-0 gutters-col-v-md-0 gutters-col-v-0\">\n          <!---->\n          <div class=\"h-column h-column-container d-flex h-col-lg-auto h-col-md-auto h-col-auto style-605-outer style-local-1152-c15-outer\">\n            <div data-colibri-id=\"1152-c15\" class=\"d-flex h-flex-basis h-column__inner h-ui-empty-state-container h-px-lg-0 h-px-md-0 h-px-0 v-inner-lg-0 v-inner-md-0 v-inner-0 style-605 style-local-1152-c15 position-relative\">\n              <!---->\n              <!---->\n              <div class=\"w-100 h-y-container h-column__content h-column__v-align flex-basis-100\">\n                <!---->\n              <\/div>\n            <\/div>\n          <\/div>\n          <div class=\"h-column h-column-container d-flex h-col-lg-auto h-col-md-auto h-col-auto style-606-outer style-local-1152-c16-outer\">\n            <div data-colibri-id=\"1152-c16\" class=\"d-flex h-flex-basis h-column__inner h-px-lg-2 h-px-md-2 h-px-2 v-inner-lg-2 v-inner-md-2 v-inner-2 style-606 style-local-1152-c16 position-relative\">\n              <!---->\n              <!---->\n              <div class=\"w-100 h-y-container h-column__content h-column__v-align flex-basis-100 align-self-lg-start align-self-md-start align-self-start\">\n                <!---->\n                <div data-colibri-id=\"1152-c18\" class=\"h-global-transition-all h-heading style-608 style-local-1152-c18 position-relative h-element\">\n                  <!---->\n                  <div class=\"h-heading__outer style-608 style-local-1152-c18\">\n                    <!---->\n                    <!---->\n                    <a href=\"https:\/\/www.fondazionecarmelitane.it\/?page_id=412\" h-use-smooth-scroll=\"true\">\n                      <h2 class=\"\">Progetti Africa<\/h2>\n                    <\/a>\n                  <\/div>\n                <\/div>\n                <div data-colibri-id=\"1152-c29\" class=\"h-x-container style-619 style-local-1152-c29 position-relative h-element\">\n                  <!---->\n                  <div class=\"h-x-container-inner style-dynamic-1152-c29-group style-619-spacing style-local-1152-c29-spacing\"><span class=\"h-button__outer style-620-outer style-local-1152-c30-outer d-inline-flex h-element\"><a h-use-smooth-scroll=\"true\" href=\"https:\/\/www.fondazionecarmelitane.it\/?page_id=412\"  data-colibri-id=\"1152-c30\" class=\"d-flex w-100 align-items-center h-button justify-content-lg-center justify-content-md-center justify-content-center style-620 style-local-1152-c30 position-relative\"><!----><!----> <span>scopri di pi\u00f9 sui progetti <\/span><\/a>\n                    <\/span>\n                  <\/div>\n                <\/div>\n              <\/div>\n            <\/div>\n          <\/div>\n        <\/div>\n      <\/div>\n    <\/div>\n  <\/div>\n  <div data-colibri-component=\"section\" data-colibri-id=\"1152-c20\" id=\"progetti-madag\" class=\"h-section h-section-global-spacing d-flex align-items-lg-center align-items-md-center align-items-center style-610 style-local-1152-c20 position-relative\">\n    <!---->\n    <!---->\n    <div class=\"h-section-grid-container h-section-boxed-container\">\n      <!---->\n      <div data-colibri-id=\"1152-c21\" class=\"h-row-container gutters-row-lg-0 gutters-row-md-0 gutters-row-0 gutters-row-v-lg-0 gutters-row-v-md-0 gutters-row-v-0 style-611 style-local-1152-c21 position-relative\">\n        <!---->\n        <div class=\"h-row justify-content-lg-center justify-content-md-center justify-content-center align-items-lg-stretch align-items-md-stretch align-items-stretch gutters-col-lg-0 gutters-col-md-0 gutters-col-0 gutters-col-v-lg-0 gutters-col-v-md-0 gutters-col-v-0\">\n          <!---->\n          <div class=\"h-column h-column-container d-flex h-col-lg-auto h-col-md-auto h-col-auto style-612-outer style-local-1152-c22-outer\">\n            <div data-colibri-id=\"1152-c22\" class=\"d-flex h-flex-basis h-column__inner h-px-lg-0 h-px-md-0 h-px-0 v-inner-lg-0 v-inner-md-0 v-inner-0 style-612 style-local-1152-c22 position-relative\">\n              <!---->\n              <!---->\n              <div class=\"w-100 h-y-container h-column__content h-column__v-align flex-basis-100 align-self-lg-start align-self-md-start align-self-start\">\n                <!---->\n                <div data-colibri-id=\"1152-c24\" class=\"h-global-transition-all h-heading style-614 style-local-1152-c24 position-relative h-element\">\n                  <!---->\n                  <div class=\"h-heading__outer style-614 style-local-1152-c24\">\n                    <!---->\n                    <!---->\n                    <a href=\"https:\/\/www.fondazionecarmelitane.it\/?page_id=248\" h-use-smooth-scroll=\"true\">\n                      <h2 class=\"\">Progetti Madagascar<\/h2>\n                    <\/a>\n                  <\/div>\n                <\/div>\n                <div data-colibri-id=\"1152-c31\" class=\"h-x-container style-621 style-local-1152-c31 position-relative h-element\">\n                  <!---->\n                  <div class=\"h-x-container-inner style-dynamic-1152-c31-group style-621-spacing style-local-1152-c31-spacing\"><span class=\"h-button__outer style-622-outer style-local-1152-c32-outer d-inline-flex h-element\"><a h-use-smooth-scroll=\"true\" href=\"https:\/\/www.fondazionecarmelitane.it\/?page_id=248\"  data-colibri-id=\"1152-c32\" class=\"d-flex w-100 align-items-center h-button justify-content-lg-center justify-content-md-center justify-content-center style-622 style-local-1152-c32 position-relative\"><!----><!----> <span>scopri di pi\u00f9 sui progetti <\/span><\/a>\n                    <\/span>\n                  <\/div>\n                <\/div>\n              <\/div>\n            <\/div>\n          <\/div>\n          <div class=\"h-column h-column-container d-flex h-col-lg-auto h-col-md-auto h-col-auto style-616-outer style-local-1152-c26-outer\">\n            <div data-colibri-id=\"1152-c26\" class=\"d-flex h-flex-basis h-column__inner h-ui-empty-state-container h-px-lg-2 h-px-md-2 h-px-2 v-inner-lg-2 v-inner-md-2 v-inner-2 style-616 style-local-1152-c26 position-relative\">\n              <!---->\n              <!---->\n              <div class=\"w-100 h-y-container h-column__content h-column__v-align flex-basis-100\">\n                <!---->\n              <\/div>\n            <\/div>\n          <\/div>\n        <\/div>\n      <\/div>\n    <\/div>\n  <\/div>\n<\/div>","protected":false},"excerpt":{"rendered":"<p>Progetti Romania scopri di pi\u00f9 sui progetti Progetti Africa scopri di pi\u00f9 sui progetti Progetti Madagascar scopri di pi\u00f9 sui progetti<\/p>\n","protected":false},"author":1,"featured_media":0,"parent":0,"menu_order":0,"comment_status":"closed","ping_status":"closed","template":"page-templates\/full-width-page.php","meta":{"footnotes":""},"class_list":["post-1152","page","type-page","status-publish","hentry"],"yoast_head":"<!-- This site is optimized with the Yoast SEO plugin v27.2 - https:\/\/yoast.com\/product\/yoast-seo-wordpress\/ -->\n<title>Nostri progetti -<\/title>\n<meta name=\"robots\" content=\"index, follow, max-snippet:-1, max-image-preview:large, max-video-preview:-1\" \/>\n<link rel=\"canonical\" href=\"https:\/\/www.fondazionecarmelitane.it\/?page_id=1152\" \/>\n<meta property=\"og:locale\" content=\"it_IT\" \/>\n<meta property=\"og:type\" content=\"article\" \/>\n<meta property=\"og:title\" content=\"Nostri progetti -\" \/>\n<meta property=\"og:description\" content=\"Progetti Romania scopri di pi\u00f9 sui progetti Progetti Africa scopri di pi\u00f9 sui progetti Progetti Madagascar scopri di pi\u00f9 sui progetti\" \/>\n<meta property=\"og:url\" content=\"https:\/\/www.fondazionecarmelitane.it\/?page_id=1152\" \/>\n<meta property=\"article:publisher\" content=\"https:\/\/www.facebook.com\/profile.php?id=100066398982492\" \/>\n<meta property=\"article:modified_time\" content=\"2023-10-06T10:01:38+00:00\" \/>\n<meta name=\"twitter:card\" content=\"summary_large_image\" \/>\n<script type=\"application\/ld+json\" class=\"yoast-schema-graph\">{\"@context\":\"https:\/\/schema.org\",\"@graph\":[{\"@type\":\"WebPage\",\"@id\":\"https:\/\/www.fondazionecarmelitane.it\/?page_id=1152\",\"url\":\"https:\/\/www.fondazionecarmelitane.it\/?page_id=1152\",\"name\":\"Nostri progetti -\",\"isPartOf\":{\"@id\":\"https:\/\/www.fondazionecarmelitane.it\/#website\"},\"datePublished\":\"2022-12-13T10:46:30+00:00\",\"dateModified\":\"2023-10-06T10:01:38+00:00\",\"breadcrumb\":{\"@id\":\"https:\/\/www.fondazionecarmelitane.it\/?page_id=1152#breadcrumb\"},\"inLanguage\":\"it-IT\",\"potentialAction\":[{\"@type\":\"ReadAction\",\"target\":[\"https:\/\/www.fondazionecarmelitane.it\/?page_id=1152\"]}]},{\"@type\":\"BreadcrumbList\",\"@id\":\"https:\/\/www.fondazionecarmelitane.it\/?page_id=1152#breadcrumb\",\"itemListElement\":[{\"@type\":\"ListItem\",\"position\":1,\"name\":\"Home\",\"item\":\"https:\/\/www.fondazionecarmelitane.it\/\"},{\"@type\":\"ListItem\",\"position\":2,\"name\":\"Nostri progetti\"}]},{\"@type\":\"WebSite\",\"@id\":\"https:\/\/www.fondazionecarmelitane.it\/#website\",\"url\":\"https:\/\/www.fondazionecarmelitane.it\/\",\"name\":\"Fondazione Missioni onlus\",\"description\":\"\",\"publisher\":{\"@id\":\"https:\/\/www.fondazionecarmelitane.it\/#organization\"},\"potentialAction\":[{\"@type\":\"SearchAction\",\"target\":{\"@type\":\"EntryPoint\",\"urlTemplate\":\"https:\/\/www.fondazionecarmelitane.it\/?s={search_term_string}\"},\"query-input\":{\"@type\":\"PropertyValueSpecification\",\"valueRequired\":true,\"valueName\":\"search_term_string\"}}],\"inLanguage\":\"it-IT\"},{\"@type\":\"Organization\",\"@id\":\"https:\/\/www.fondazionecarmelitane.it\/#organization\",\"name\":\"Carmelitane di S. Teresa di Torino organizzazione religiosa\",\"url\":\"https:\/\/www.fondazionecarmelitane.it\/\",\"logo\":{\"@type\":\"ImageObject\",\"inLanguage\":\"it-IT\",\"@id\":\"https:\/\/www.fondazionecarmelitane.it\/#\/schema\/logo\/image\/\",\"url\":\"https:\/\/www.fondazionecarmelitane.it\/wp-content\/uploads\/2022\/06\/cropped-FB_IMG_1635600635774.jpg\",\"contentUrl\":\"https:\/\/www.fondazionecarmelitane.it\/wp-content\/uploads\/2022\/06\/cropped-FB_IMG_1635600635774.jpg\",\"width\":103,\"height\":103,\"caption\":\"Carmelitane di S. Teresa di Torino organizzazione religiosa\"},\"image\":{\"@id\":\"https:\/\/www.fondazionecarmelitane.it\/#\/schema\/logo\/image\/\"},\"sameAs\":[\"https:\/\/www.facebook.com\/profile.php?id=100066398982492\",\"https:\/\/www.instagram.com\/missioni.carmelitane.di.torino\/\"]}]}<\/script>\n<!-- \/ Yoast SEO plugin. -->","yoast_head_json":{"title":"Nostri progetti -","robots":{"index":"index","follow":"follow","max-snippet":"max-snippet:-1","max-image-preview":"max-image-preview:large","max-video-preview":"max-video-preview:-1"},"canonical":"https:\/\/www.fondazionecarmelitane.it\/?page_id=1152","og_locale":"it_IT","og_type":"article","og_title":"Nostri progetti -","og_description":"Progetti Romania scopri di pi\u00f9 sui progetti Progetti Africa scopri di pi\u00f9 sui progetti Progetti Madagascar scopri di pi\u00f9 sui progetti","og_url":"https:\/\/www.fondazionecarmelitane.it\/?page_id=1152","article_publisher":"https:\/\/www.facebook.com\/profile.php?id=100066398982492","article_modified_time":"2023-10-06T10:01:38+00:00","twitter_card":"summary_large_image","schema":{"@context":"https:\/\/schema.org","@graph":[{"@type":"WebPage","@id":"https:\/\/www.fondazionecarmelitane.it\/?page_id=1152","url":"https:\/\/www.fondazionecarmelitane.it\/?page_id=1152","name":"Nostri progetti -","isPartOf":{"@id":"https:\/\/www.fondazionecarmelitane.it\/#website"},"datePublished":"2022-12-13T10:46:30+00:00","dateModified":"2023-10-06T10:01:38+00:00","breadcrumb":{"@id":"https:\/\/www.fondazionecarmelitane.it\/?page_id=1152#breadcrumb"},"inLanguage":"it-IT","potentialAction":[{"@type":"ReadAction","target":["https:\/\/www.fondazionecarmelitane.it\/?page_id=1152"]}]},{"@type":"BreadcrumbList","@id":"https:\/\/www.fondazionecarmelitane.it\/?page_id=1152#breadcrumb","itemListElement":[{"@type":"ListItem","position":1,"name":"Home","item":"https:\/\/www.fondazionecarmelitane.it\/"},{"@type":"ListItem","position":2,"name":"Nostri progetti"}]},{"@type":"WebSite","@id":"https:\/\/www.fondazionecarmelitane.it\/#website","url":"https:\/\/www.fondazionecarmelitane.it\/","name":"Fondazione Missioni onlus","description":"","publisher":{"@id":"https:\/\/www.fondazionecarmelitane.it\/#organization"},"potentialAction":[{"@type":"SearchAction","target":{"@type":"EntryPoint","urlTemplate":"https:\/\/www.fondazionecarmelitane.it\/?s={search_term_string}"},"query-input":{"@type":"PropertyValueSpecification","valueRequired":true,"valueName":"search_term_string"}}],"inLanguage":"it-IT"},{"@type":"Organization","@id":"https:\/\/www.fondazionecarmelitane.it\/#organization","name":"Carmelitane di S. Teresa di Torino organizzazione religiosa","url":"https:\/\/www.fondazionecarmelitane.it\/","logo":{"@type":"ImageObject","inLanguage":"it-IT","@id":"https:\/\/www.fondazionecarmelitane.it\/#\/schema\/logo\/image\/","url":"https:\/\/www.fondazionecarmelitane.it\/wp-content\/uploads\/2022\/06\/cropped-FB_IMG_1635600635774.jpg","contentUrl":"https:\/\/www.fondazionecarmelitane.it\/wp-content\/uploads\/2022\/06\/cropped-FB_IMG_1635600635774.jpg","width":103,"height":103,"caption":"Carmelitane di S. Teresa di Torino organizzazione religiosa"},"image":{"@id":"https:\/\/www.fondazionecarmelitane.it\/#\/schema\/logo\/image\/"},"sameAs":["https:\/\/www.facebook.com\/profile.php?id=100066398982492","https:\/\/www.instagram.com\/missioni.carmelitane.di.torino\/"]}]}},"_links":{"self":[{"href":"https:\/\/www.fondazionecarmelitane.it\/index.php?rest_route=\/wp\/v2\/pages\/1152","targetHints":{"allow":["GET"]}}],"collection":[{"href":"https:\/\/www.fondazionecarmelitane.it\/index.php?rest_route=\/wp\/v2\/pages"}],"about":[{"href":"https:\/\/www.fondazionecarmelitane.it\/index.php?rest_route=\/wp\/v2\/types\/page"}],"author":[{"embeddable":true,"href":"https:\/\/www.fondazionecarmelitane.it\/index.php?rest_route=\/wp\/v2\/users\/1"}],"replies":[{"embeddable":true,"href":"https:\/\/www.fondazionecarmelitane.it\/index.php?rest_route=%2Fwp%2Fv2%2Fcomments&post=1152"}],"version-history":[{"count":15,"href":"https:\/\/www.fondazionecarmelitane.it\/index.php?rest_route=\/wp\/v2\/pages\/1152\/revisions"}],"predecessor-version":[{"id":1890,"href":"https:\/\/www.fondazionecarmelitane.it\/index.php?rest_route=\/wp\/v2\/pages\/1152\/revisions\/1890"}],"wp:attachment":[{"href":"https:\/\/www.fondazionecarmelitane.it\/index.php?rest_route=%2Fwp%2Fv2%2Fmedia&parent=1152"}],"curies":[{"name":"wp","href":"https:\/\/api.w.org\/{rel}","templated":true}]}}